{"id":6956,"date":"2025-07-15T17:52:04","date_gmt":"2025-07-15T15:52:04","guid":{"rendered":"https:\/\/wycliffe.net\/?page_id=6956"},"modified":"2025-10-06T21:00:18","modified_gmt":"2025-10-06T19:00:18","slug":"el-viaje","status":"publish","type":"page","link":"https:\/\/wycliffe.net\/es\/el-viaje\/","title":{"rendered":"El Viaje"},"content":{"rendered":"\n<h2 class=\"wp-block-heading\"><strong>El Viaje<\/strong><\/h2>\n\n\n\n<p>El Viaje es la publicaci\u00f3n mensual de la Alianza Global Wycliffe. Los directores y presidentes de las juntas directivas de las organizaciones de la Alianza se a\u00f1adir\u00e1n autom\u00e1ticamente a la lista de correo utilizando la direcci\u00f3n de correo electr\u00f3nico de contacto principal que figura en nuestros archivos, mientras que se anima al resto del personal y a las partes interesadas a <a href=\"https:\/\/wycliffe.net\/sign-up\/\">inscribirse en l\u00ednea<\/a>.<\/p>\n\n\n\n<h3 class=\"wp-block-heading\">\u00daltimos n\u00fameros:<\/h3>\n\n\n\n<p><strong>2025<\/strong><\/p>\n\n\n\n<ul class=\"wp-block-list\">\n<li>Septiembre de 2025: historias sobre la traducci\u00f3n oral de la Biblia, nueva p\u00e1gina web, nuevo podcast<\/li>\n\n\n\n<li><a href=\"https:\/\/mailchi.mp\/wycliffe.net\/the-journey-14559652\">Agosto de 2025<\/a>: estad\u00edsticas sobre el acceso global a las Escrituras<\/li>\n\n\n\n<li><a href=\"https:\/\/mailchi.mp\/wycliffe.net\/the-journey-14559155\">Julio de 2025<\/a>: noticias de las organizaciones de la Alianza en todo el mundo<\/li>\n\n\n\n<li><a href=\"https:\/\/mailchi.mp\/wycliffe.net\/the-journey-14558718\">Junio de 2025<\/a>: reflexiones sobre la inteligencia artificial, la colaboraci\u00f3n de las iglesias y el cambio estrat\u00e9gico<\/li>\n\n\n\n<li><a href=\"https:\/\/mailchi.mp\/wycliffe.net\/the-journey-14558248\">Mayo de 2025<\/a>: informe especial: inteligencia artificial, traducci\u00f3n de la Biblia y la Iglesia<\/li>\n\n\n\n<li><a href=\"https:\/\/mailchi.mp\/wycliffe.net\/the-journey-14557736?e=f7c2b612fe\">Abril de 2025<\/a>: informe destacado: c\u00f3mo est\u00e1 cambiando la formaci\u00f3n en traducci\u00f3n de la Biblia y c\u00f3mo se est\u00e1 adaptando a nuestro mundo cada vez m\u00e1s interconectado<\/li>\n\n\n\n<li><a href=\"https:\/\/mailchi.mp\/wycliffe.net\/the-journey-14557127?e=f7c2b612fe\">Marzo de 2025<\/a>: informe anual de la WGA y revisi\u00f3n de la Reuni\u00f3n Global<\/li>\n\n\n\n<li><a href=\"https:\/\/mailchi.mp\/wycliffe.net\/the-journey-14556506?e=[UNIQID]\">Febrero de 2025<\/a>: mirando hacia el 2025 y las \u00faltimas noticias de la Alianza<\/li>\n\n\n\n<li><a href=\"https:\/\/mailchi.mp\/wycliffe.net\/the-journey-14556111?e=f7c2b612fe\">Enero de 2025<\/a>: la traducci\u00f3n de idiomas y la misi\u00f3n de Dios<\/li>\n<\/ul>\n\n\n\n<p><strong>2024<\/strong><\/p>\n\n\n\n<ul class=\"wp-block-list\">\n<li><a href=\"https:\/\/mailchi.mp\/wycliffe.net\/the-journey-14555470?e=[UNIQID]\">Diciembre de 2024<\/a>: felicitaciones navide\u00f1as<\/li>\n\n\n\n<li><a href=\"https:\/\/mailchi.mp\/wycliffe.net\/the-journey-14555082?e=[UNIQID]\">Noviembre de 2024<\/a>: revisi\u00f3n de la Reuni\u00f3n Global<\/li>\n\n\n\n<li><a href=\"https:\/\/mailchi.mp\/wycliffe.net\/the-journey-14554353?e=[UNIQID]\">Octubre de 2024<\/a>: avance de la Reuni\u00f3n Global<\/li>\n\n\n\n<li><a href=\"https:\/\/mailchi.mp\/wycliffe.net\/the-journey-14553990\">Septiembre de 2024<\/a>: estad\u00edsticas globales de acceso a las Escrituras.<\/li>\n\n\n\n<li><a href=\"https:\/\/mailchi.mp\/wycliffe.net\/the-journey-14558902\">Agosto de 2024<\/a>: novedades de las organizaciones de la Alianza.<\/li>\n\n\n\n<li><a href=\"https:\/\/mailchi.mp\/wycliffe.net\/the-journey-13665664?e=[UNIQID]\">Julio de 2024<\/a>: informe de Lausana, podcast sobre el impacto de Visi\u00f3n 2025.<\/li>\n\n\n\n<li><a href=\"https:\/\/mailchi.mp\/wycliffe.net\/the-journey-13664184?e=[UNIQID]\">Junio de 2024<\/a>: traducci\u00f3n de la Biblia para sordos.<\/li>\n\n\n\n<li><a href=\"https:\/\/mailchi.mp\/wycliffe.net\/the-journey-13662612\">Mayo de 2024<\/a>: avance de la Reuni\u00f3n Global<\/li>\n\n\n\n<li><a href=\"https:\/\/mailchi.mp\/wycliffe.net\/the-journey-13660927\">Abril de 2024<\/a> &#8211; Conversaci\u00f3n global con la gente.<\/li>\n\n\n\n<li><a href=\"https:\/\/mailchi.mp\/wycliffe.net\/the-journey-13659047\">Marzo de 2024<\/a> &#8211; Saludos de Pascua.<\/li>\n\n\n\n<li><a href=\"https:\/\/mailchi.mp\/wycliffe.net\/the-journey-13657520?e=f7c2b612fe\">Febrero de 2024<\/a> &#8211; Reflexiones de Stephen Coertze para el a\u00f1o que viene, entrevista sobre Visi\u00f3n 2025 con John Watters, parte 2<\/li>\n\n\n\n<li><a href=\"https:\/\/mailchi.mp\/wycliffe.net\/the-journey-13655628\">Enero de 2024<\/a> &#8211; Museo de la Biblia Man\u00e1 en Ciudad de M\u00e9xico, entrevista sobre Visi\u00f3n 2025 con John Watters, parte 1<\/li>\n<\/ul>\n\n\n\n<p><strong>2023<\/strong><\/p>\n\n\n\n<ul class=\"wp-block-list\">\n<li><a href=\"https:\/\/mailchi.mp\/wycliffe.net\/the-journey-13653216\">Diciembre de 2023<\/a><\/li>\n\n\n\n<li><a href=\"https:\/\/mailchi.mp\/wycliffe.net\/the-journey-13652124\">Noviembre de 2023<\/a><\/li>\n\n\n\n<li><a href=\"https:\/\/mailchi.mp\/wycliffe.net\/the-journey-13649704\">Octubre de 2023<\/a><\/li>\n\n\n\n<li><a href=\"https:\/\/mailchi.mp\/wycliffe.net\/the-journey-13647984\">Septiembre de 2023<\/a><\/li>\n\n\n\n<li><a href=\"https:\/\/mailchi.mp\/wycliffe.net\/the-journey-13646324\">Agosto de 2023<\/a><\/li>\n\n\n\n<li><a href=\"https:\/\/mailchi.mp\/wycliffe.net\/the-journey-13644496\">Julio de 2023<\/a><\/li>\n\n\n\n<li><a href=\"https:\/\/mailchi.mp\/wycliffe.net\/the-journey-13642352\">Junio de 2023<\/a><\/li>\n\n\n\n<li><a href=\"https:\/\/mailchi.mp\/wycliffe.net\/the-journey-13640552\">Mayo de 2023<\/a><\/li>\n\n\n\n<li><a href=\"https:\/\/mailchi.mp\/wycliffe.net\/the-journey-13638508\">Abril de 2023<\/a><\/li>\n\n\n\n<li><a href=\"https:\/\/mailchi.mp\/wycliffe.net\/the-journey-13636188\">Marzo de 2023<\/a><\/li>\n\n\n\n<li><a href=\"https:\/\/mailchi.mp\/wycliffe.net\/the-journey-13634184\">Febrero de 2023<\/a><\/li>\n\n\n\n<li><a href=\"https:\/\/mailchi.mp\/wycliffe.net\/the-journey-13631748\">Enero de 2023<\/a><\/li>\n<\/ul>\n","protected":false},"excerpt":{"rendered":"<p>El Viaje El Viaje es la publicaci\u00f3n mensual de la Alianza Global Wycliffe. Los directores y presidentes de las juntas directivas de las organizaciones de la Alianza se a\u00f1adir\u00e1n autom\u00e1ticamente&#8230;<\/p>\n","protected":false},"author":5,"featured_media":0,"parent":0,"menu_order":0,"comment_status":"closed","ping_status":"closed","template":"","meta":{"give_campaign_id":0,"_kadence_starter_templates_imported_post":false,"_kad_post_transparent":"","_kad_post_title":"","_kad_post_layout":"","_kad_post_sidebar_id":"","_kad_post_content_style":"","_kad_post_vertical_padding":"","_kad_post_feature":"","_kad_post_feature_position":"","_kad_post_header":false,"_kad_post_footer":false,"footnotes":""},"categories":[195],"tags":[],"class_list":["post-6956","page","type-page","status-publish","hentry","category-news-es"],"campaignId":"","_links":{"self":[{"href":"https:\/\/wycliffe.net\/es\/wp-json\/wp\/v2\/pages\/6956","targetHints":{"allow":["GET"]}}],"collection":[{"href":"https:\/\/wycliffe.net\/es\/wp-json\/wp\/v2\/pages"}],"about":[{"href":"https:\/\/wycliffe.net\/es\/wp-json\/wp\/v2\/types\/page"}],"author":[{"embeddable":true,"href":"https:\/\/wycliffe.net\/es\/wp-json\/wp\/v2\/users\/5"}],"replies":[{"embeddable":true,"href":"https:\/\/wycliffe.net\/es\/wp-json\/wp\/v2\/comments?post=6956"}],"version-history":[{"count":1,"href":"https:\/\/wycliffe.net\/es\/wp-json\/wp\/v2\/pages\/6956\/revisions"}],"predecessor-version":[{"id":6957,"href":"https:\/\/wycliffe.net\/es\/wp-json\/wp\/v2\/pages\/6956\/revisions\/6957"}],"wp:attachment":[{"href":"https:\/\/wycliffe.net\/es\/wp-json\/wp\/v2\/media?parent=6956"}],"wp:term":[{"taxonomy":"category","embeddable":true,"href":"https:\/\/wycliffe.net\/es\/wp-json\/wp\/v2\/categories?post=6956"},{"taxonomy":"post_tag","embeddable":true,"href":"https:\/\/wycliffe.net\/es\/wp-json\/wp\/v2\/tags?post=6956"}],"curies":[{"name":"wp","href":"https:\/\/api.w.org\/{rel}","templated":true}]}}