{"id":6938,"date":"2025-08-13T21:00:06","date_gmt":"2025-08-13T19:00:06","guid":{"rendered":"https:\/\/wycliffe.net\/?page_id=6938"},"modified":"2025-10-06T20:47:18","modified_gmt":"2025-10-06T18:47:18","slug":"articulos-para-una-mayor-reflexion","status":"publish","type":"page","link":"https:\/\/wycliffe.net\/es\/articulos-para-una-mayor-reflexion\/","title":{"rendered":"Art\u00edculos para una mayor reflexi\u00f3n"},"content":{"rendered":"\n<h2 class=\"wp-block-heading\">Art\u00edculos para una mayor reflexi\u00f3n<\/h2>\n\n\n\n<p><a href=\"https:\/\/wycliffe.net\/articles-for-further-reflection\/reflection-on-vision-2025\/\">Reflexi\u00f3n sobre la Visi\u00f3n 2025<\/a> por Albert Fung [2021]<\/p>\n\n\n\n<p>Albert Fung, director ejecutivo de Wycliffe Taiw\u00e1n, reflexiona sobre el impacto de la Visi\u00f3n 2025 en el movimiento de traducci\u00f3n de la Biblia y, en especial, en el camino que sigue recorriendo la Alianza Global Wycliffe.<\/p>\n\n\n\n<p><a href=\"https:\/\/wycliffe.net\/articles-for-further-reflection\/a-word-about-the-alliance-covenant\/\">Una palabra sobre el pacto de la Alianza<\/a>, por el Dr. Stephen Coertze [2021]<\/p>\n\n\n\n<p>En una \u00e9poca en la que la mayor\u00eda de las organizaciones de la Alianza Global Wycliffe han firmado nuestro pacto\/declaraci\u00f3n de compromiso, el director ejecutivo Stephen Coertze explica con m\u00e1s detalle qu\u00e9 medidas implica y qu\u00e9 no implica.<\/p>\n\n\n\n<p>Liderar con certeza en tiempos de incertidumbre, por la Dra. Susan van Wynen [2020]<\/p>\n\n\n\n<p>Esta investigaci\u00f3n se centr\u00f3 en el potencial de los l\u00edderes seguidores de Cristo para desarrollar una postura teol\u00f3gica y misionera en respuesta al contexto mundial actual, vol\u00e1til, incierto, complejo y ambiguo (VUCA). Esta investigaci\u00f3n analiza c\u00f3mo las actitudes y acciones del mundo empresarial han influido en las de las organizaciones cristianas y el liderazgo cristiano.<\/p>\n\n\n\n<p>El mundo empresarial se centra principalmente en estrategias para superar los retos del entorno VUCA, pero esta investigaci\u00f3n explora c\u00f3mo los l\u00edderes cristianos podr\u00edan beneficiarse de examinar m\u00e1s profundamente lo que representa el VUCA, en lugar de limitarse a aceptarlo y reaccionar ante \u00e9l.<\/p>\n\n\n\n<p><a href=\"http:\/\/wycliffe.net\/wp-content\/uploads\/2025\/08\/Future-of-BT-Survey-May-2020-corrected.pdf\">Encuesta sobre el futuro del movimiento de traducci\u00f3n de la Biblia<\/a>, por el Dr. Kirk Franklin y Susan van Wynen [2020]<\/p>\n\n\n\n<p>Durante las dos \u00faltimas semanas de abril de 2020, se realiz\u00f3 una encuesta en l\u00ednea a los directores de las organizaciones de la Alianza Global Wycliffe. El objetivo era identificar c\u00f3mo podr\u00eda ser el movimiento de traducci\u00f3n de la Biblia durante y despu\u00e9s de la pandemia de Covid-19. Se trataba de una forma de determinar c\u00f3mo se hab\u00edan visto afectadas hasta el momento las organizaciones de la Alianza por la crisis y ofrece una visi\u00f3n de c\u00f3mo piensan los l\u00edderes y se preparan para el futuro.<\/p>\n\n\n\n<p><a href=\"https:\/\/hts.org.za\/index.php\/hts\/article\/view\/5786\/14930\">Una misionolog\u00eda del progreso: evaluaci\u00f3n de los avances en el movimiento de traducci\u00f3n de la Biblia<\/a>, por el Dr. Kirk Franklin [2020]<\/p>\n\n\n\n<p>\u00bfC\u00f3mo sabemos lo que Dios considera progreso en el movimiento de traducci\u00f3n de la Biblia y qu\u00e9 hitos son teol\u00f3gicamente significativos en las pr\u00f3ximas d\u00e9cadas?<\/p>\n\n\n\n<p><a href=\"http:\/\/wycliffe.net\/wp-content\/uploads\/2025\/08\/redeeming-journalism-emq.pdf\">Redimir el periodismo: las historias bien reportadas pueden revitalizar el ministerio global y comprometer a la iglesia como nunca antes<\/a>. Heather Pubols y Jim Killam, <em>Evangelical Missions Quarterly<\/em> [Verano de 2020]<\/p>\n\n\n\n<p><a href=\"http:\/\/wycliffe.net\/wp-content\/uploads\/2025\/08\/leading-in-global-glocal-missional-contexts.pdf\">Liderar en contextos misioneros globales y glocales: aprender del viaje de la Alianza Global Wycliffe<\/a>, por el Dr. Kirk Franklin [2017]<\/p>\n\n\n\n<p>El viaje de la Alianza Global Wycliffe es un ejemplo de c\u00f3mo algunos cambios de paradigma est\u00e1n influyendo en el liderazgo misionero. Dado que el cristianismo es tanto un agente como un producto de la globalizaci\u00f3n, sus creencias se han extendido de una fuente a otra, traspasando contextos religiosos, ling\u00fc\u00edsticos y culturales. Como resultado, existen centros de influencia polic\u00e9ntricos o m\u00faltiples, ya que el cristianismo tiene su hogar en una diversidad de contextos. Esto conlleva varias implicaciones, entre ellas la necesidad de desconceptualizar la colaboraci\u00f3n en la misi\u00f3n mediante un mayor \u00e9nfasis en la amistad.<\/p>\n\n\n\n<p><a href=\"https:\/\/wycliffe.net\/articles-for-further-reflection\/a-paradigm-for-global-mission-leadership\/\">Un paradigma para el liderazgo misionero global: El camino recorrido por la Alianza Global Wycliffe<\/a>, por el Dr. Kirk Franklin [2016]<\/p>\n\n\n\n<p>Desarrollar l\u00edderes con una mentalidad global: c\u00f3mo la globalizaci\u00f3n y la misi\u00f3n de Dios ayudan a trazar el camino a seguir. Tesis doctoral de Kirk Franklin, director ejecutivo de la Alianza Global Wycliffe 2008-2020, publicada por la Universidad de Pretoria, Sud\u00e1frica, febrero de 2016.<\/p>\n\n\n\n<p><a href=\"https:\/\/wycliffe.net\/articles-for-further-reflection\/polycentrism-in-the-missio-dei\/\">Policentrismo en la missio Dei<\/a>, por el Dr. Kirk Franklin y el Dr. Nelus Niemandt [2016]<\/p>\n\n\n\n<p>A medida que el cristianismo se alejaba del modelo cristiano de control centralizado hacia otros modelos de estructura y liderazgo, se han propuesto otros paradigmas a lo largo del camino. Sin embargo, una posibilidad, denominada concepto de policentrismo, no se ha considerado con ning\u00fan esfuerzo significativo.<\/p>\n\n\n\n<p><a href=\"http:\/\/wycliffe.net\/wp-content\/uploads\/2025\/08\/Funding_God_s_Mission_-_Towards_a_Missio.pdf\">Financiar la misi\u00f3n de Dios: hacia una misionolog\u00eda de la generosidad<\/a>, por el Dr. Kirk Franklin y el Dr. Nelus Niemandt [2015]<\/p>\n\n\n\n<p>Este art\u00edculo se centra en la cuesti\u00f3n de identificar las implicaciones misionol\u00f3gicas que surgen en la recaudaci\u00f3n y gesti\u00f3n de fondos para la misi\u00f3n de Dios, especialmente ahora que la iglesia contin\u00faa su cambio demogr\u00e1fico desde Occidente hacia el sur y el este globales.<\/p>\n\n\n\n<p><a href=\"https:\/\/wycliffe.net\/articles-for-further-reflection\/missiological-reflections-on-funding\/\">Reflexiones misionol\u00f3gicas sobre la financiaci\u00f3n<\/a>, por Minyoung Jung [2014]<\/p>\n\n\n\n<p>Las agencias misioneras y muchas otras organizaciones sin fines de lucro han sentido el impacto de la crisis financiera mundial. Esta situaci\u00f3n nos llama a revisar y reevaluar seriamente los sistemas de financiaci\u00f3n existentes. Nuestra total dependencia de Dios en todo, incluidos los fondos, es probablemente el concepto m\u00e1s destacado de las Escrituras.<\/p>\n\n\n\n<p><a href=\"http:\/\/wycliffe.net\/wp-content\/uploads\/2025\/08\/Vision-2025-and-BT-Movement-HTS-04.13-copy.pdf\">Visi\u00f3n 2025 y el movimiento de traducci\u00f3n de la Biblia<\/a>, por el Dr. Kirk Franklin y el Dr. Nelus Niemandt [2013]<\/p>\n\n\n\n<p>Esta investigaci\u00f3n se centra en una organizaci\u00f3n dentro del movimiento mundial de traducci\u00f3n de la Biblia: la Alianza Global Wycliffe. La investigaci\u00f3n explora las influencias teol\u00f3gicas hist\u00f3ricas en la Alianza, la importancia misionera de la traducibilidad de la Biblia y las implicaciones teol\u00f3gicas misioneras de la Visi\u00f3n 2025. El objetivo es determinar c\u00f3mo ha respondido la Alianza a estas \u00e1reas a la luz de los cambios en el contexto mundial de la iglesia y la misi\u00f3n.<\/p>\n\n\n\n<p><a href=\"https:\/\/wycliffe.net\/articles-for-further-reflection\/missio-dei-and-bible-translation\/\">Missio Dei y la traducci\u00f3n de la Biblia<\/a>, por Eddie Arthur [2013]<\/p>\n\n\n\n<p>\u00abDios&#8230; tiene una misi\u00f3n en el sentido de un prop\u00f3sito general, m\u00e1s que una tarea individual que realizar. Su prop\u00f3sito a lo largo de la historia es restaurar las relaciones que exist\u00edan en la creaci\u00f3n original\u00bb.<\/p>\n\n\n\n<p><a href=\"https:\/\/wycliffe.net\/articles-for-further-reflection\/missio-dei-and-the-mission-of-the-church\/\">Missio Dei y la misi\u00f3n de la Iglesia<\/a>, por Eddie Arthur [2013]<\/p>\n\n\n\n<p>\u00abEl concepto de missio Dei&#8230; es esencialmente que la obra o misi\u00f3n de la iglesia es un subconjunto de la obra de Dios en el mundo, m\u00e1s que algo con una existencia independiente\u00bb.<\/p>\n\n\n\n<p><a href=\"https:\/\/wycliffe.net\/articles-for-further-reflection\/changing-paradigms-missio-dei-and-the-seven-streams-of-participation\/\">Cambio de paradigmas, Missio Dei y las siete corrientes de participaci\u00f3n<\/a>, por Kirk Franklin [2013]<\/p>\n\n\n\n<p>Cambio de paradigmas, Missio Dei y las siete corrientes de participaci\u00f3n<\/p>\n","protected":false},"excerpt":{"rendered":"<p>Art\u00edculos para una mayor reflexi\u00f3n Reflexi\u00f3n sobre la Visi\u00f3n 2025 por Albert Fung [2021] Albert Fung, director ejecutivo de Wycliffe Taiw\u00e1n, reflexiona sobre el impacto de la Visi\u00f3n 2025 en&#8230;<\/p>\n","protected":false},"author":5,"featured_media":0,"parent":0,"menu_order":0,"comment_status":"closed","ping_status":"closed","template":"","meta":{"give_campaign_id":0,"_kadence_starter_templates_imported_post":false,"_kad_post_transparent":"","_kad_post_title":"","_kad_post_layout":"","_kad_post_sidebar_id":"","_kad_post_content_style":"","_kad_post_vertical_padding":"","_kad_post_feature":"","_kad_post_feature_position":"","_kad_post_header":false,"_kad_post_footer":false,"footnotes":""},"categories":[],"tags":[],"class_list":["post-6938","page","type-page","status-publish","hentry"],"campaignId":"","_links":{"self":[{"href":"https:\/\/wycliffe.net\/es\/wp-json\/wp\/v2\/pages\/6938","targetHints":{"allow":["GET"]}}],"collection":[{"href":"https:\/\/wycliffe.net\/es\/wp-json\/wp\/v2\/pages"}],"about":[{"href":"https:\/\/wycliffe.net\/es\/wp-json\/wp\/v2\/types\/page"}],"author":[{"embeddable":true,"href":"https:\/\/wycliffe.net\/es\/wp-json\/wp\/v2\/users\/5"}],"replies":[{"embeddable":true,"href":"https:\/\/wycliffe.net\/es\/wp-json\/wp\/v2\/comments?post=6938"}],"version-history":[{"count":1,"href":"https:\/\/wycliffe.net\/es\/wp-json\/wp\/v2\/pages\/6938\/revisions"}],"predecessor-version":[{"id":6939,"href":"https:\/\/wycliffe.net\/es\/wp-json\/wp\/v2\/pages\/6938\/revisions\/6939"}],"wp:attachment":[{"href":"https:\/\/wycliffe.net\/es\/wp-json\/wp\/v2\/media?parent=6938"}],"wp:term":[{"taxonomy":"category","embeddable":true,"href":"https:\/\/wycliffe.net\/es\/wp-json\/wp\/v2\/categories?post=6938"},{"taxonomy":"post_tag","embeddable":true,"href":"https:\/\/wycliffe.net\/es\/wp-json\/wp\/v2\/tags?post=6938"}],"curies":[{"name":"wp","href":"https:\/\/api.w.org\/{rel}","templated":true}]}}