{"id":6444,"date":"2025-09-29T14:14:13","date_gmt":"2025-09-29T12:14:13","guid":{"rendered":"http:\/\/wycliffe.net\/?page_id=6444"},"modified":"2025-11-14T12:03:53","modified_gmt":"2025-11-14T11:03:53","slug":"celebracion-de-vision-2025","status":"publish","type":"page","link":"https:\/\/wycliffe.net\/es\/celebracion-de-vision-2025\/","title":{"rendered":"Celebraci\u00f3n de Visi\u00f3n 2025"},"content":{"rendered":"\n<h1 class=\"wp-block-heading\">Celebraci\u00f3n de Visi\u00f3n 2025<\/h1>\n\n\n\n<p>A las 12:00 UTC del 13 de noviembre, la Alianza organiz\u00f3 una breve reuni\u00f3n en l\u00ednea para celebrar la obra de Dios a trav\u00e9s de Visi\u00f3n 2025.<\/p>\n\n\n\n<p>Pr\u00f3ximamente se publicar\u00e1 aqu\u00ed un v\u00eddeo del evento.<\/p>\n","protected":false},"excerpt":{"rendered":"<p>Celebraci\u00f3n de Visi\u00f3n 2025 A las 12:00 UTC del 13 de noviembre, la Alianza organiz\u00f3 una breve reuni\u00f3n en l\u00ednea para celebrar la obra de Dios a trav\u00e9s de Visi\u00f3n&#8230;<\/p>\n","protected":false},"author":4,"featured_media":0,"parent":0,"menu_order":0,"comment_status":"closed","ping_status":"closed","template":"","meta":{"give_campaign_id":0,"_kadence_starter_templates_imported_post":false,"_kad_post_transparent":"","_kad_post_title":"","_kad_post_layout":"","_kad_post_sidebar_id":"","_kad_post_content_style":"","_kad_post_vertical_padding":"","_kad_post_feature":"","_kad_post_feature_position":"","_kad_post_header":false,"_kad_post_footer":false,"footnotes":""},"categories":[578],"tags":[202],"class_list":["post-6444","page","type-page","status-publish","hentry","category-reuniones","tag-vision-2025-es"],"campaignId":"","_links":{"self":[{"href":"https:\/\/wycliffe.net\/es\/wp-json\/wp\/v2\/pages\/6444","targetHints":{"allow":["GET"]}}],"collection":[{"href":"https:\/\/wycliffe.net\/es\/wp-json\/wp\/v2\/pages"}],"about":[{"href":"https:\/\/wycliffe.net\/es\/wp-json\/wp\/v2\/types\/page"}],"author":[{"embeddable":true,"href":"https:\/\/wycliffe.net\/es\/wp-json\/wp\/v2\/users\/4"}],"replies":[{"embeddable":true,"href":"https:\/\/wycliffe.net\/es\/wp-json\/wp\/v2\/comments?post=6444"}],"version-history":[{"count":5,"href":"https:\/\/wycliffe.net\/es\/wp-json\/wp\/v2\/pages\/6444\/revisions"}],"predecessor-version":[{"id":8433,"href":"https:\/\/wycliffe.net\/es\/wp-json\/wp\/v2\/pages\/6444\/revisions\/8433"}],"wp:attachment":[{"href":"https:\/\/wycliffe.net\/es\/wp-json\/wp\/v2\/media?parent=6444"}],"wp:term":[{"taxonomy":"category","embeddable":true,"href":"https:\/\/wycliffe.net\/es\/wp-json\/wp\/v2\/categories?post=6444"},{"taxonomy":"post_tag","embeddable":true,"href":"https:\/\/wycliffe.net\/es\/wp-json\/wp\/v2\/tags?post=6444"}],"curies":[{"name":"wp","href":"https:\/\/api.w.org\/{rel}","templated":true}]}}