{"id":5819,"date":"2025-08-29T00:41:57","date_gmt":"2025-08-28T22:41:57","guid":{"rendered":"http:\/\/wycliffe.net\/what-we-do\/gatherings\/dia-mundial-de-oracion-por-la-traduccion-de-la-biblia\/resources-world-day-of-prayer\/"},"modified":"2025-11-10T18:16:12","modified_gmt":"2025-11-10T17:16:12","slug":"recursos-dia-mundial-de-oracion","status":"publish","type":"page","link":"https:\/\/wycliffe.net\/es\/what-we-do\/gatherings\/dia-mundial-de-oracion-por-la-traduccion-de-la-biblia\/recursos-dia-mundial-de-oracion\/","title":{"rendered":"Recursos &#8211; D\u00eda Mundial de Oraci\u00f3n"},"content":{"rendered":"\n<h1 class=\"wp-block-heading\">Recursos<\/h1>\n\n\n\n<h2 class=\"wp-block-heading\">D\u00eda Mundial de Oraci\u00f3n por la Traducci\u00f3n de la Biblia&nbsp;<\/h2>\n\n\n\n<h4 class=\"wp-block-heading\">11 de noviembre de 2025<\/h4>\n\n\n<div class=\"wp-block-image\">\n<figure class=\"aligncenter size-full is-resized\"><img loading=\"lazy\" decoding=\"async\" width=\"600\" height=\"400\" src=\"http:\/\/wycliffe.net\/wp-content\/uploads\/2025\/09\/2017Aug_Peru_248.jpg\" alt=\"\" class=\"wp-image-4097\" style=\"width:1100px\" srcset=\"https:\/\/wycliffe.net\/wp-content\/uploads\/2025\/09\/2017Aug_Peru_248.jpg 600w, https:\/\/wycliffe.net\/wp-content\/uploads\/2025\/09\/2017Aug_Peru_248-300x200.jpg 300w\" sizes=\"auto, (max-width: 600px) 100vw, 600px\" \/><figcaption class=\"wp-element-caption\">Mujeres quechuas de Per\u00fa rezan en la iglesia. (2017)&nbsp;<a href=\"https:\/\/skip.wycliffe.net\/search\/result\/I0000KbwttWpr.pA?terms=quechua%20pray&amp;\">Foto<\/a>: Marc Ewell<\/figcaption><\/figure>\n<\/div>\n\n\n<h3 class=\"wp-block-heading\">Proclama la gloria de Dios.<\/h3>\n\n\n\n<h3 class=\"wp-block-heading\"><strong>Escrituras<\/strong><\/h3>\n\n\n\n<p>El equipo de oraci\u00f3n de la Alianza se bas\u00f3 en las siguientes Escrituras para desarrollar los materiales del D\u00eda Mundial de Oraci\u00f3n. Consideren leer en voz alta estas u otras Escrituras que sirvan como recordatorio de la bondad de Dios y de todo lo que ha hecho por nosotros.<\/p>\n\n\n\n<ul class=\"wp-block-list\">\n<li>Salmos 29, 96 y 150<\/li>\n\n\n\n<li>Hebreos 1:1-4<\/li>\n\n\n\n<li>Juan 11<\/li>\n\n\n\n<li>Efesios 3:20<\/li>\n\n\n\n<li>Salmo 145<\/li>\n\n\n\n<li>1 Cr\u00f3nicas 29:10-13<\/li>\n<\/ul>\n\n\n\n<h3 class=\"wp-block-heading\"><strong>Otros recursos \u00fatiles<\/strong><\/h3>\n\n\n\n<ul class=\"wp-block-list\">\n<li>V\u00eddeo del proyecto b\u00edblico sobre el&nbsp;<a href=\"https:\/\/youtu.be\/YoOgGeDfXDk?si=Nlvdv8d_3R-cw6ks\">recuerdo<\/a><\/li>\n\n\n\n<li>\u00dananse virtualmente a otras personas para orar tanto por el D\u00eda Mundial de Oraci\u00f3n por la Traducci\u00f3n de la Biblia como durante todo el a\u00f1o en&nbsp;<a href=\"https:\/\/unceasingprayer.bible\/\">Unceasing Prayer<\/a>.<\/li>\n\n\n\n<li><a href=\"https:\/\/www.prayforzero.com\/\">Pray for Zero<\/a><\/li>\n\n\n\n<li>Wycliffe USA tiene varias entradas de&nbsp;<a href=\"https:\/\/www.wycliffe.org\/prayer\">blog \u00fatiles sobre la oraci\u00f3n<\/a><\/li>\n\n\n\n<li><a href=\"https:\/\/joshuaproject.net\/pray\">Proyecto Joshua<\/a><\/li>\n\n\n\n<li><a href=\"https:\/\/lausanne.org\/pray\">Movimiento de Lausana<\/a><\/li>\n\n\n\n<li><a href=\"https:\/\/wycliffe.org.uk\/wp-content\/uploads\/2022\/07\/Wycliffe-TCK-Prayer-Guide.pdf\">Gu\u00eda de oraci\u00f3n para TCK (ni\u00f1os de tercera cultura &#8211; por sus siglas en ingl\u00e9s)<\/a><\/li>\n\n\n\n<li>Los sitios web y las redes sociales de muchas&nbsp;<a href=\"https:\/\/www.wycliffe.net\/who-we-are\/organisations\/\">organizaciones de la Alianza&nbsp;<\/a>ofrecen informaci\u00f3n sobre la oraci\u00f3n<\/li>\n<\/ul>\n\n\n\n<p><strong>Recursos de Wycliffe.net&nbsp;<\/strong>&nbsp;<\/p>\n\n\n\n<ul class=\"wp-block-list\">\n<li><a href=\"https:\/\/www.wycliffe.net\/the-latest\/streams-of-prayer\">Corrientes de oraci\u00f3n<\/a>&nbsp;Una publicaci\u00f3n semanal de siete peticiones de oraci\u00f3n estrat\u00e9gicas y actuales en varios idiomas.<\/li>\n\n\n\n<li><a href=\"https:\/\/www.wycliffe.net\/resources\/prayer\/how-to-pray-for-teams-working-in-sign-language-bible-translation\/\">C\u00f3mo orar por los equipos que trabajan en la traducci\u00f3n de la Biblia al lenguaje de se\u00f1as<\/a><\/li>\n\n\n\n<li><a href=\"https:\/\/www.wycliffe.net\/resources\/prayer\/how-to-pray-for-oral-bible-storytelling\/\">C\u00f3mo orar por la narraci\u00f3n oral de historias b\u00edblicas<\/a><\/li>\n\n\n\n<li><a href=\"https:\/\/www.wycliffe.net\/resources\/prayer\/how-to-pray-for-translation-consultants\/\">C\u00f3mo orar por un consultor de traducci\u00f3n<\/a><\/li>\n\n\n\n<li><a href=\"https:\/\/www.wycliffe.net\/resources\/prayer\/how-to-pray-for-an-increase-in-old-testament-translation-we-need-the-old-testament\/\">C\u00f3mo orar por un aumento en la traducci\u00f3n del Antiguo Testamento<\/a><\/li>\n\n\n\n<li><a href=\"https:\/\/www.wycliffe.net\/resources\/prayer\/how-to-pray-for-alliance-organisations\/\">C\u00f3mo orar por las organizaciones de la Alianza<\/a><\/li>\n<\/ul>\n\n\n\n<p><strong>M\u00e1s videos de oraci\u00f3n<\/strong><\/p>\n\n\n\n<ul class=\"wp-block-list\">\n<li><a href=\"https:\/\/prayercast.com\/\">Oraci\u00f3n en directo<\/a><\/li>\n\n\n\n<li><a href=\"https:\/\/www.youtube.com\/watch?v=65AcNmokStY&amp;feature=youtu.be\">Pueblos sin Biblia y sin evangelizar: Pray for Zero<\/a><\/li>\n\n\n\n<li><a href=\"https:\/\/youtu.be\/F3r4QnAs1Fs?si=5b9rOUbvfG-D0gLD\">El impacto de la oraci\u00f3n&nbsp;<\/a>&nbsp;<\/li>\n\n\n\n<li><a href=\"https:\/\/youtu.be\/f_ZfJ5Qgop8?si=AWf4285u6OO1rSpV\">La historia de Paulette<\/a><\/li>\n<\/ul>\n\n\n\n<p>Los traductores de la Biblia de Wycliffe en Canad\u00e1 tienen un canal de\u00a0<a href=\"https:\/\/www.youtube.com\/@WycliffeCanadaPrayer\">oraci\u00f3n en YouTube\u00a0<\/a>con muchos v\u00eddeos estupendos<\/p>\n\n\n\n<p><\/p>\n\n\n\n<p class=\"has-medium-font-size\"><a href=\"https:\/\/wycliffe.net\/es\/what-we-do\/gatherings\/dia-mundial-de-oracion-por-la-traduccion-de-la-biblia\/\">D\u00eda Mundial de Oraci\u00f3n<\/a><\/p>\n\n\n\n<p class=\"has-medium-font-size\"><a href=\"https:\/\/wycliffe.net\/es\/what-we-do\/gatherings\/dia-mundial-de-oracion-por-la-traduccion-de-la-biblia\/meditations-world-day-of-prayer\/\">Meditaciones<\/a><\/p>\n\n\n\n<p><\/p>\n","protected":false},"excerpt":{"rendered":"<p>Recursos D\u00eda Mundial de Oraci\u00f3n por la Traducci\u00f3n de la Biblia&nbsp; 11 de noviembre de 2025 Proclama la gloria de Dios. Escrituras El equipo de oraci\u00f3n de la Alianza se&#8230;<\/p>\n","protected":false},"author":5,"featured_media":0,"parent":4028,"menu_order":0,"comment_status":"closed","ping_status":"closed","template":"","meta":{"give_campaign_id":0,"_kadence_starter_templates_imported_post":false,"_kad_post_transparent":"","_kad_post_title":"","_kad_post_layout":"","_kad_post_sidebar_id":"","_kad_post_content_style":"","_kad_post_vertical_padding":"","_kad_post_feature":"","_kad_post_feature_position":"","_kad_post_header":false,"_kad_post_footer":false,"footnotes":""},"categories":[],"tags":[],"class_list":["post-5819","page","type-page","status-publish","hentry"],"campaignId":"","_links":{"self":[{"href":"https:\/\/wycliffe.net\/es\/wp-json\/wp\/v2\/pages\/5819","targetHints":{"allow":["GET"]}}],"collection":[{"href":"https:\/\/wycliffe.net\/es\/wp-json\/wp\/v2\/pages"}],"about":[{"href":"https:\/\/wycliffe.net\/es\/wp-json\/wp\/v2\/types\/page"}],"author":[{"embeddable":true,"href":"https:\/\/wycliffe.net\/es\/wp-json\/wp\/v2\/users\/5"}],"replies":[{"embeddable":true,"href":"https:\/\/wycliffe.net\/es\/wp-json\/wp\/v2\/comments?post=5819"}],"version-history":[{"count":3,"href":"https:\/\/wycliffe.net\/es\/wp-json\/wp\/v2\/pages\/5819\/revisions"}],"predecessor-version":[{"id":8294,"href":"https:\/\/wycliffe.net\/es\/wp-json\/wp\/v2\/pages\/5819\/revisions\/8294"}],"up":[{"embeddable":true,"href":"https:\/\/wycliffe.net\/es\/wp-json\/wp\/v2\/pages\/4028"}],"wp:attachment":[{"href":"https:\/\/wycliffe.net\/es\/wp-json\/wp\/v2\/media?parent=5819"}],"wp:term":[{"taxonomy":"category","embeddable":true,"href":"https:\/\/wycliffe.net\/es\/wp-json\/wp\/v2\/categories?post=5819"},{"taxonomy":"post_tag","embeddable":true,"href":"https:\/\/wycliffe.net\/es\/wp-json\/wp\/v2\/tags?post=5819"}],"curies":[{"name":"wp","href":"https:\/\/api.w.org\/{rel}","templated":true}]}}