{"id":5779,"date":"2025-08-29T00:38:20","date_gmt":"2025-08-28T22:38:20","guid":{"rendered":"http:\/\/wycliffe.net\/what-we-do\/gatherings\/dia-mundial-de-oracion-por-la-traduccion-de-la-biblia\/meditations-world-day-of-prayer\/"},"modified":"2025-10-01T00:18:18","modified_gmt":"2025-09-30T22:18:18","slug":"meditations-world-day-of-prayer","status":"publish","type":"page","link":"https:\/\/wycliffe.net\/es\/what-we-do\/gatherings\/dia-mundial-de-oracion-por-la-traduccion-de-la-biblia\/meditations-world-day-of-prayer\/","title":{"rendered":"Meditaciones &#8211; D\u00eda Mundial de Oraci\u00f3n"},"content":{"rendered":"\n<h2 class=\"wp-block-heading\">Meditaciones<\/h2>\n\n\n\n<h2 class=\"wp-block-heading\">D\u00eda Mundial de Oraci\u00f3n por la Traducci\u00f3n de la Biblia<\/h2>\n\n\n\n<h4 class=\"wp-block-heading\">11 de noviembre 2025<\/h4>\n\n\n<div class=\"wp-block-image\">\n<figure class=\"alignleft size-full is-resized\"><img loading=\"lazy\" decoding=\"async\" width=\"600\" height=\"400\" src=\"http:\/\/wycliffe.net\/wp-content\/uploads\/2025\/09\/150819_7629.jpg\" alt=\"\" class=\"wp-image-3456\" style=\"width:1178px;height:auto\" srcset=\"https:\/\/wycliffe.net\/wp-content\/uploads\/2025\/09\/150819_7629.jpg 600w, https:\/\/wycliffe.net\/wp-content\/uploads\/2025\/09\/150819_7629-300x200.jpg 300w\" sizes=\"auto, (max-width: 600px) 100vw, 600px\" \/><figcaption class=\"wp-element-caption\"><em>Ni\u00f1as cantan y bailan en un acto de adoraci\u00f3n en un grupo de oraci\u00f3n en Logba Vuinta, en la regi\u00f3n de Volta, al este de Ghana (2015).&nbsp;<a href=\"https:\/\/skip.wycliffe.net\/search\/result\/I000016aA00ITqw4?terms=worship&amp;\">Foto<\/a>: Rodney Ballard<\/em><\/figcaption><\/figure>\n<\/div>\n\n\n<h2 class=\"wp-block-heading\"><strong>Proclamar la gloria de Dios<\/strong><\/h2>\n\n\n\n<p>Este a\u00f1o es un momento de celebraci\u00f3n en el movimiento de traducci\u00f3n de la Biblia. Es importante que lo celebremos como es debido.<\/p>\n\n\n\n<p>En la Biblia, las personas celebran a Dios de dos maneras:\u2028<br>\u2013&nbsp;<strong>por qui\u00e9n es \u00c9l<\/strong>, y<br>\u2013&nbsp;<strong>por lo que ha hecho.<\/strong><\/p>\n\n\n\n<p>Al dar gracias a Dios por todo lo que ha hecho a trav\u00e9s de&nbsp;<strong>Visi\u00f3n 2025<\/strong>, tambi\u00e9n recordamos su grandeza y nuestro m\u00e1s grande llamado. Como dice el Catecismo de Westminster:<\/p>\n\n\n\n<p>\u201cEl fin principal del hombre es glorificar a Dios y disfrutarlo para siempre\u201d.<\/p>\n\n\n\n<p>Es un gran regalo tener un d\u00eda entero para deleitarnos en Dios, darle gloria y disfrutar de \u00c9l juntos.<\/p>\n\n\n\n<h3 class=\"wp-block-heading\"><strong>Celebra teniendo en cuenta tu cultura<\/strong><\/h3>\n\n\n\n<p>Piensa en c\u00f3mo celebra la gente de tu cultura. Piensa tambi\u00e9n en c\u00f3mo celebran otras culturas del mundo. \u00bfPodr\u00edas incluir algunas de estas formas en tu D\u00eda de Oraci\u00f3n? En muchas culturas, la gente celebra con:<\/p>\n\n\n\n<ul class=\"wp-block-list\">\n<li>ropa especial<\/li>\n\n\n\n<li>desfiles o procesiones<\/li>\n\n\n\n<li>comida y banquetes<\/li>\n\n\n\n<li>baile<\/li>\n\n\n\n<li>fuegos artificiales o velas<\/li>\n<\/ul>\n\n\n\n<p>No seamos tibios en nuestra celebraci\u00f3n, sino celebremos con toda nuestras fuerzas\u2014\u00a1porque&nbsp;<strong>Dios es digno!<\/strong><\/p>\n\n\n\n<h3 class=\"wp-block-heading\"><strong>Usando el Salmo 150 como gu\u00eda<\/strong><\/h3>\n\n\n\n<p>El Salmo 150 nos da un gran ejemplo de c\u00f3mo alabar a Dios. \u00dasalo como marco para tu celebraci\u00f3n.<\/p>\n\n\n\n<p><strong>Vers\u00edculo 1a: \u201cAlabad a Dios\u201d.<\/strong><strong><br><\/strong>Recuerda todas las cosas que Dios ha hecho, especialmente a trav\u00e9s de&nbsp;<strong>Visi\u00f3n 2025<\/strong>. Este no es el momento de centrarnos en nosotros mismos ni de atribuirnos el m\u00e9rito de lo que ha sucedido. Estamos aqu\u00ed para&nbsp;<strong>proclamar lo que Dios ha hecho<\/strong>. Cuando proclamamos su gloria, nuestra propia fe se fortalece y los dem\u00e1s ven lo grande que es \u00c9l.<\/p>\n\n\n\n<p><strong>Vers\u00edculo 1b: \u201cAlabad a Dios en su santuario; alabadle en la magnificencia de su firmamento\u201d.<\/strong><strong><br><\/strong>Tambi\u00e9n recordamos qui\u00e9n es Dios. Junto con los \u00e1ngeles en el cielo, celebramos su santidad, justicia, poder y amor. Gracias a la muerte y resurrecci\u00f3n de Jes\u00fas, podemos estar en la presencia de Dios. Solo Jes\u00fas era lo suficientemente santo como para cargar con nuestros pecados y llevarnos a una relaci\u00f3n con Dios. Celebremos el rescate por su gran amor.\u2028<br>(Los Salmos 29 y 96, y Hebreos 1:1-4 pueden ser buenos puntos de partida para reconocer que \u00e9l es Dios y nosotros somos su creaci\u00f3n).<\/p>\n\n\n\n<p><strong>Vers\u00edculo 2: \u201cAlabadle por sus proezas; alabadle conforme a la muchedumbre de su grandeza\u201d.<\/strong><strong><br><\/strong>La Biblia nos dice a menudo que recordemos lo que Dios ha hecho para que no lo olvidemos. Por ejemplo, en \u00c9xodo 13, Dios instituy\u00f3 la Pascua para ayudar a su pueblo a recordar c\u00f3mo los sac\u00f3 de la esclavitud.<br>Hoy en d\u00eda, tomamos la comuni\u00f3n para recordar la muerte y resurrecci\u00f3n de Jes\u00fas y todo lo que nos ha tra\u00eddo.<\/p>\n\n\n\n<p><strong>El Salmo 145:4-7 (NTV)<\/strong>&nbsp;dice:<\/p>\n\n\n\n<p>Que cada generaci\u00f3n cuente a sus hijos de tus poderosos actos y que proclame tu poder&#8230;<br>Todos contar\u00e1n la historia de tu maravillosa bondad; cantar\u00e1n de alegr\u00eda acerca de tu justicia.\u00bb<\/p>\n\n\n<div class=\"wp-block-image\">\n<figure class=\"aligncenter size-full is-resized\"><img loading=\"lazy\" decoding=\"async\" width=\"600\" height=\"400\" src=\"http:\/\/wycliffe.net\/wp-content\/uploads\/2025\/09\/2014Sept_Nairobi_14.jpg\" alt=\"\" class=\"wp-image-3463\" style=\"width:900px\" srcset=\"https:\/\/wycliffe.net\/wp-content\/uploads\/2025\/09\/2014Sept_Nairobi_14.jpg 600w, https:\/\/wycliffe.net\/wp-content\/uploads\/2025\/09\/2014Sept_Nairobi_14-300x200.jpg 300w\" sizes=\"auto, (max-width: 600px) 100vw, 600px\" \/><figcaption class=\"wp-element-caption\">DOOR International celebra la finalizaci\u00f3n de las Escrituras y recursos en lengua de signos en DVD para las comunidades sordas de Ghana, Burundi, Etiop\u00eda, Uganda, Tanzania, Nigeria y Kenia. (2014)&nbsp;<a href=\"https:\/\/skip.wycliffe.net\/search\/result\/I0000wkpYJWV7F9s?terms=kenya%20deaf&amp;\">Foto<\/a>: Heather Pubols<\/figcaption><\/figure>\n<\/div>\n\n\n<h3 class=\"wp-block-heading\"><strong>Proclamemos el poder de Dios con historias<\/strong><\/h3>\n\n\n\n<p>Compartamos historias sobre c\u00f3mo Dios ha obrado en nuestras vidas y en la traducci\u00f3n de la Biblia. Preguntemos:<\/p>\n\n\n\n<ul class=\"wp-block-list\">\n<li>\u00bfC\u00f3mo nos ha cambiado?<\/li>\n\n\n\n<li>\u00bfQu\u00e9 herramientas nos ha dado?<\/li>\n\n\n\n<li>\u00bfQu\u00e9 nos ha ense\u00f1ado?<\/li>\n\n\n\n<li>\u00bfC\u00f3mo se han transformado nuestras vidas?<\/li>\n\n\n\n<li>\u00bfC\u00f3mo nos ha provisto?<\/li>\n<\/ul>\n\n\n\n<p>Cuando compartimos estas historias durante el D\u00eda Mundial de Oraci\u00f3n, ayudamos a quienes llevan mucho tiempo involucrados a recordar la fidelidad de Dios y animamos a quienes son nuevos en el movimiento. Despu\u00e9s de compartir, dediquemos un tiempo a dar gracias y alabar a Dios.<\/p>\n\n\n\n<h3 class=\"wp-block-heading\"><strong>Oremos juntos<\/strong><\/h3>\n\n\n\n<p>Despu\u00e9s de celebrar lo que Dios ha hecho, oremos y pid\u00e1mosle que haga&nbsp;<strong>a\u00fan m\u00e1s<\/strong>.<\/p>\n\n\n\n<p>Por ejemplo:<\/p>\n\n\n\n<ul class=\"wp-block-list\">\n<li>Si cuentas una historia sobre un nuevo compa\u00f1ero que Dios ha tra\u00eddo a tu trabajo, da gracias a Dios y luego ora por \u00e9l.<\/li>\n\n\n\n<li>Si compartes un nuevo proyecto de traducci\u00f3n, alaba a Dios y luego ora por el grupo de personas, pidiendo a Dios que traiga transformaci\u00f3n a trav\u00e9s de su Palabra.<\/li>\n<\/ul>\n\n\n\n<h3 class=\"wp-block-heading\"><strong>Vers\u00edculos 3-5: Adoraci\u00f3n con m\u00fasica y movimiento<\/strong><\/h3>\n\n\n\n<p>\u201cAlabadle a son de bocina;&#8230;salterio y arpa&#8230;pandero y danza;&#8230;cuerdas y flautas&#8230;c\u00edmbalos\u201d.<\/p>\n\n\n\n<p>La celebraci\u00f3n suele incluir m\u00fasica. Utilicen los instrumentos y estilos que sean significativos en su cultura. O prueben tambi\u00e9n con m\u00fasica de otras culturas.<\/p>\n\n\n\n<p>Hay muchas maneras de celebrar la gloria de Dios: a trav\u00e9s de la m\u00fasica, la danza e incluso los desfiles. Que tu adoraci\u00f3n sea alegre, ruidosa y llena de vida. \u00a1No te reprimas!<\/p>\n\n\n\n<p>\u00a1Deja que tu comunidad te oigau&nbsp;<strong>proclamar la gloria de Dios!<\/strong><\/p>\n\n\n<div class=\"wp-block-image\">\n<figure class=\"aligncenter size-full is-resized\"><img loading=\"lazy\" decoding=\"async\" width=\"600\" height=\"400\" src=\"http:\/\/wycliffe.net\/wp-content\/uploads\/2025\/09\/2015Oct_SAsia_183.jpg\" alt=\"\" class=\"wp-image-3469\" style=\"width:900px\" srcset=\"https:\/\/wycliffe.net\/wp-content\/uploads\/2025\/09\/2015Oct_SAsia_183.jpg 600w, https:\/\/wycliffe.net\/wp-content\/uploads\/2025\/09\/2015Oct_SAsia_183-300x200.jpg 300w\" sizes=\"auto, (max-width: 600px) 100vw, 600px\" \/><figcaption class=\"wp-element-caption\">Hombres y mujeres rezan utilizando instrumentos tradicionales y occidentales en una iglesia rural del sur de Asia. (2015)&nbsp;<a href=\"https:\/\/skip.wycliffe.net\/search\/result\/I0000sBe6nz08wGU?terms=Asia%20musical%20instrument&amp;\">Foto<\/a>: Marc Ewell<\/figcaption><\/figure>\n<\/div>\n\n\n<h3 class=\"wp-block-heading\"><strong>Vers\u00edculo 6: \u201cQue todo lo que respira alabe al Se\u00f1or\u201d.<\/strong><\/h3>\n\n\n\n<p>\u00bfA qui\u00e9n puedes invitar a unirse a la celebraci\u00f3n?<\/p>\n\n\n\n<p>\u00bfA qui\u00e9n podr\u00edas invitar?:<\/p>\n\n\n\n<ul class=\"wp-block-list\">\n<li>\u00bfsocios y partes interesadas?<\/li>\n\n\n\n<li>\u00bfpersonal y voluntarios?<\/li>\n\n\n\n<li>\u00bfiglesias y grupos de oraci\u00f3n que te apoyan?<\/li>\n\n\n\n<li>\u00bfl\u00edderes del gobierno o comunitarios?<\/li>\n\n\n\n<li>\u00bfl\u00edderes de otras comunidades religiosas?<\/li>\n<\/ul>\n\n\n\n<p>Adem\u00e1s, considera utilizar la tecnolog\u00eda para incluir a las personas que no pueden asistir en persona.<\/p>\n\n\n\n<p>\u00a1Invitemos a muchas personas a&nbsp;<strong>ver la grandeza de Dios y a proclamar su gloria!<\/strong><\/p>\n\n\n\n<h3 class=\"wp-block-heading\"><strong>Oremos con valent\u00eda: confiando en Dios para m\u00e1s<\/strong><\/h3>\n\n\n\n<p>Mientras seguimos orando, no miremos solo al pasado, miremos hacia adelante.<\/p>\n\n\n\n<p>En&nbsp;<strong>Juan 11<\/strong>, Jes\u00fas resucit\u00f3 a L\u00e1zaro de entre los muertos. Antes del milagro, Jes\u00fas tard\u00f3 en ir a verlo, a pesar de que Mar\u00eda y Marta le hab\u00edan pedido ayuda porque L\u00e1zaro estaba enfermo. La gente se preguntaba por qu\u00e9 Jes\u00fas no iba de inmediato; cre\u00edan que pod\u00eda sanar, pero no parec\u00edan creer que pudiera resucitar a L\u00e1zaro de entre los muertos.<\/p>\n\n\n\n<p>Incluso Marta cuestion\u00f3 a Jes\u00fas en la tumba. Pero Jes\u00fas dijo:<\/p>\n\n\n\n<p>\u201c\u00bfNo te he dicho que si crees, ver\u00e1s la gloria de Dios?\u201d (Juan 11:40).<\/p>\n\n\n\n<h3 class=\"wp-block-heading\"><strong>Haz crecer tu fe: Atr\u00e9vete a pedir m\u00e1s en oraci\u00f3n<\/strong><\/h3>\n\n\n\n<p>\u00bfHay \u00e1reas en tu vida o ministerio en las que todav\u00eda est\u00e1s esperando que Dios act\u00fae? \u00bfNecesitamos hacer crecer nuestra fe record\u00e1ndonos a nosotros mismos que Dios \u201cpuede hacer much\u00edsimo m\u00e1s que todo lo que podamos imaginarnos o pedir, por el poder que obra eficazmente en nosotros\u201d (Efesios 3:20 NVI)?&nbsp;<strong>\u00a1Oremos con valent\u00eda y fe!<\/strong><\/p>\n\n\n\n<h3 class=\"wp-block-heading\"><strong>Metas de fe y oraci\u00f3n continua<\/strong><\/h3>\n\n\n\n<p>Durante tu D\u00eda de Oraci\u00f3n, t\u00f3mate tiempo para orar por las situaciones en las que est\u00e1s esperando en Dios. P\u00eddele que glorifique su nombre por medio de ellas.<\/p>\n\n\n\n<p>Incluso despu\u00e9s del D\u00eda Mundial de Oraci\u00f3n, considera establecer&nbsp;<strong>metas de fe<\/strong>, cosas espec\u00edficas que conf\u00edas que Dios har\u00e1. Ora regularmente por estas cosas hasta que sucedan. Permanece en oraci\u00f3n junto a otros en el movimiento y crean unidos por rompimientos espirituales.&nbsp;<\/p>\n\n\n\n<p><strong>No olvides preguntar a tus compa\u00f1eros c\u00f3mo puedes orar por ellos antes del evento.<\/strong><\/p>\n\n\n\n<p><strong>Declaremos la gloria de Dios,<\/strong>&nbsp;juntos, con fe, gozo y esperanza.&nbsp;<\/p>\n\n\n\n<p class=\"has-medium-font-size\"><a href=\"https:\/\/wycliffe.net\/es\/what-we-do\/gatherings\/dia-mundial-de-oracion-por-la-traduccion-de-la-biblia\/\">D\u00eda Mundial de Oraci\u00f3n<\/a><\/p>\n\n\n\n<p class=\"has-medium-font-size\"><a href=\"https:\/\/wycliffe.net\/es\/what-we-do\/gatherings\/dia-mundial-de-oracion-por-la-traduccion-de-la-biblia\/recursos-dia-mundial-de-oracion\/\">Recursos<\/a><\/p>\n\n\n\n<p><\/p>\n","protected":false},"excerpt":{"rendered":"<p>Meditaciones D\u00eda Mundial de Oraci\u00f3n por la Traducci\u00f3n de la Biblia 11 de noviembre 2025 Proclamar la gloria de Dios Este a\u00f1o es un momento de celebraci\u00f3n en el movimiento&#8230;<\/p>\n","protected":false},"author":5,"featured_media":0,"parent":4028,"menu_order":0,"comment_status":"closed","ping_status":"closed","template":"","meta":{"give_campaign_id":0,"_kadence_starter_templates_imported_post":false,"_kad_post_transparent":"","_kad_post_title":"","_kad_post_layout":"","_kad_post_sidebar_id":"","_kad_post_content_style":"","_kad_post_vertical_padding":"","_kad_post_feature":"","_kad_post_feature_position":"","_kad_post_header":false,"_kad_post_footer":false,"footnotes":""},"categories":[],"tags":[],"class_list":["post-5779","page","type-page","status-publish","hentry"],"campaignId":"","_links":{"self":[{"href":"https:\/\/wycliffe.net\/es\/wp-json\/wp\/v2\/pages\/5779","targetHints":{"allow":["GET"]}}],"collection":[{"href":"https:\/\/wycliffe.net\/es\/wp-json\/wp\/v2\/pages"}],"about":[{"href":"https:\/\/wycliffe.net\/es\/wp-json\/wp\/v2\/types\/page"}],"author":[{"embeddable":true,"href":"https:\/\/wycliffe.net\/es\/wp-json\/wp\/v2\/users\/5"}],"replies":[{"embeddable":true,"href":"https:\/\/wycliffe.net\/es\/wp-json\/wp\/v2\/comments?post=5779"}],"version-history":[{"count":6,"href":"https:\/\/wycliffe.net\/es\/wp-json\/wp\/v2\/pages\/5779\/revisions"}],"predecessor-version":[{"id":6775,"href":"https:\/\/wycliffe.net\/es\/wp-json\/wp\/v2\/pages\/5779\/revisions\/6775"}],"up":[{"embeddable":true,"href":"https:\/\/wycliffe.net\/es\/wp-json\/wp\/v2\/pages\/4028"}],"wp:attachment":[{"href":"https:\/\/wycliffe.net\/es\/wp-json\/wp\/v2\/media?parent=5779"}],"wp:term":[{"taxonomy":"category","embeddable":true,"href":"https:\/\/wycliffe.net\/es\/wp-json\/wp\/v2\/categories?post=5779"},{"taxonomy":"post_tag","embeddable":true,"href":"https:\/\/wycliffe.net\/es\/wp-json\/wp\/v2\/tags?post=5779"}],"curies":[{"name":"wp","href":"https:\/\/api.w.org\/{rel}","templated":true}]}}