{"id":5745,"date":"2025-09-25T01:23:49","date_gmt":"2025-09-24T23:23:49","guid":{"rendered":"http:\/\/wycliffe.net\/philosophy-principle-papers\/people-serving-in-gods-mission-value-statements-and-related-observations\/"},"modified":"2025-09-25T01:27:40","modified_gmt":"2025-09-24T23:27:40","slug":"personas-sirviendo-en-la-mision-de-dios-declaraciones-de-valor-y-observaciones-relacionadas","status":"publish","type":"page","link":"https:\/\/wycliffe.net\/es\/philosophy-principle-papers\/personas-sirviendo-en-la-mision-de-dios-declaraciones-de-valor-y-observaciones-relacionadas\/","title":{"rendered":"Personas Sirviendo en la Misi\u00f3n de Dios: Declaraciones de Valor y Observaciones Relacionadas"},"content":{"rendered":"\n<h1 class=\"wp-block-heading\">Personas Sirviendo en la Misi\u00f3n de Dios: Declaraciones de Valor y Observaciones Relacionadas<\/h1>\n\n\n\n<p>La Alianza Global Wycliffe fue anfitriona de una consulta misionol\u00f3gica con 26 participantes de 22 pa\u00edses del 21 al 24 de agosto de 2018 en Singapur. La consulta fue titulada<em>&nbsp;Personas Sirviendo en la Misi\u00f3n de Dios<\/em>, trat\u00f3 de explorar temas relacionados con las mejores pr\u00e1cticas en las relaciones de Recursos Humanos en el contexto de la Alianza<\/p>\n\n\n\n<p>Las reflexiones se centraron en c\u00f3mo cuidar responsablemente a las personas que sirven en la misi\u00f3n de Dios, especialmente en t\u00e9rminos de valores y el bienestar espiritual de la gente de Dios. Los participantes de las Organizaciones de la Alianza discutieron c\u00f3mo abordar sus propias realidades de Recursos Humanos, as\u00ed como enfrentar los desaf\u00edos de colocar personal en otras agencias.<\/p>\n\n\n\n<p><a href=\"http:\/\/wycliffe.net\/wp-content\/uploads\/2025\/09\/Statement-People_Serving_in_Gods_Mission_12-2018_ES.pdf\" target=\"_blank\" rel=\"noreferrer noopener\">Vea y descargue en PDF<\/a>\u00a0resumiendo las declaraciones que se redactaron como resultado de estas discusiones; la intenci\u00f3n de este documento es informar y alentar una discusi\u00f3n continua y la pr\u00e1ctica saludable de Recursos Humanos dentro de la Alianza.<\/p>\n","protected":false},"excerpt":{"rendered":"<p>Personas Sirviendo en la Misi\u00f3n de Dios: Declaraciones de Valor y Observaciones Relacionadas La Alianza Global Wycliffe fue anfitriona de una consulta misionol\u00f3gica con 26 participantes de 22 pa\u00edses del&#8230;<\/p>\n","protected":false},"author":6,"featured_media":0,"parent":5072,"menu_order":0,"comment_status":"closed","ping_status":"closed","template":"","meta":{"give_campaign_id":0,"_kadence_starter_templates_imported_post":false,"_kad_post_transparent":"","_kad_post_title":"","_kad_post_layout":"","_kad_post_sidebar_id":"","_kad_post_content_style":"","_kad_post_vertical_padding":"","_kad_post_feature":"","_kad_post_feature_position":"","_kad_post_header":false,"_kad_post_footer":false,"footnotes":""},"categories":[],"tags":[198,602,603,604],"class_list":["post-5745","page","type-page","status-publish","hentry","tag-bible-translation-es","tag-gods-mission-es","tag-human-resources-es","tag-people-es"],"campaignId":"","_links":{"self":[{"href":"https:\/\/wycliffe.net\/es\/wp-json\/wp\/v2\/pages\/5745","targetHints":{"allow":["GET"]}}],"collection":[{"href":"https:\/\/wycliffe.net\/es\/wp-json\/wp\/v2\/pages"}],"about":[{"href":"https:\/\/wycliffe.net\/es\/wp-json\/wp\/v2\/types\/page"}],"author":[{"embeddable":true,"href":"https:\/\/wycliffe.net\/es\/wp-json\/wp\/v2\/users\/6"}],"replies":[{"embeddable":true,"href":"https:\/\/wycliffe.net\/es\/wp-json\/wp\/v2\/comments?post=5745"}],"version-history":[{"count":1,"href":"https:\/\/wycliffe.net\/es\/wp-json\/wp\/v2\/pages\/5745\/revisions"}],"predecessor-version":[{"id":5746,"href":"https:\/\/wycliffe.net\/es\/wp-json\/wp\/v2\/pages\/5745\/revisions\/5746"}],"up":[{"embeddable":true,"href":"https:\/\/wycliffe.net\/es\/wp-json\/wp\/v2\/pages\/5072"}],"wp:attachment":[{"href":"https:\/\/wycliffe.net\/es\/wp-json\/wp\/v2\/media?parent=5745"}],"wp:term":[{"taxonomy":"category","embeddable":true,"href":"https:\/\/wycliffe.net\/es\/wp-json\/wp\/v2\/categories?post=5745"},{"taxonomy":"post_tag","embeddable":true,"href":"https:\/\/wycliffe.net\/es\/wp-json\/wp\/v2\/tags?post=5745"}],"curies":[{"name":"wp","href":"https:\/\/api.w.org\/{rel}","templated":true}]}}