{"id":5575,"date":"2020-01-02T23:15:00","date_gmt":"2020-01-02T22:15:00","guid":{"rendered":"http:\/\/wycliffe.net\/philosophy-principle-papers\/directrices-en-traduccion-biblica\/directions-in-bible-translation-a-threefold-commitment-to-increasing-global-capacity\/"},"modified":"2025-09-25T00:20:26","modified_gmt":"2025-09-24T22:20:26","slug":"directrices-en-la-traduccion-biblica-un-compromiso-tripartito-para-incrementar-la-capacidad-global","status":"publish","type":"page","link":"https:\/\/wycliffe.net\/es\/philosophy-principle-papers\/directrices-en-traduccion-biblica\/directrices-en-la-traduccion-biblica-un-compromiso-tripartito-para-incrementar-la-capacidad-global\/","title":{"rendered":"Directrices en la Traducci\u00f3n B\u00edblica Un Compromiso Tripartito para Incrementar la Capacidad Global"},"content":{"rendered":"\n<h1 class=\"wp-block-heading\">Directrices en la Traducci\u00f3n B\u00edblica Un Compromiso Tripartito para Incrementar la Capacidad Global<\/h1>\n\n\n\n<p>La Junta Directiva de la Alianza Global Wycliffe aprob\u00f3 una moci\u00f3n el pasado noviembre 2017, que guiar\u00e1 esfuerzos para ayudar a las Organizaciones de la Alianza en tres \u00e1reas claves en las que se ha expresado (y observado) la necesidad a nivel mundial de traducir la Biblia. La Junta Directiva de la Alianza ha dirigido el liderazgo para animar y apoyar de la siguiente manera:<\/p>\n\n\n\n<ol class=\"wp-block-list\">\n<li>Desarrollar procesos adecuados de capacitaci\u00f3n en la traducci\u00f3n y planes de estudio adecuados para contextos variados y cambiantes.<\/li>\n\n\n\n<li>Expansi\u00f3n de oportunidades para la preparaci\u00f3n y acreditaci\u00f3n de consultores de la traducci\u00f3n.<\/li>\n\n\n\n<li>Establecer procesos sustentables para la traducci\u00f3n de toda la Biblia.<\/li>\n<\/ol>\n\n\n\n<h4 class=\"wp-block-heading\">La necesidad de un mayor potencial de capacitaci\u00f3n y ayuda en consultor\u00eda<\/h4>\n\n\n\n<p>Dos de los m\u00e1s grandes cuellos de botella en el movimiento global de la traducci\u00f3n de la Biblia son el acceso inadecuado a programas de capacitaci\u00f3n en traducci\u00f3n, y el n\u00famero insuficiente de consultores de traducci\u00f3n para trabajar con los equipos de traducci\u00f3n. Las Organizaciones de la Alianza alrededor de todo el mundo ha expresado la necesidad de desarrollar: 1) planes de estudios de traducci\u00f3n de la Biblia y procesos de capacitaciones adicionales; y 2) oportunidades adicionales para la preparaci\u00f3n y acreditaci\u00f3n de consultores. Algunas Organizaciones de la Alianza ya est\u00e1n involucradas en una o ambas \u00e1reas. Sin embargo, otros han solicitado ayuda para poder desarrollar planes de estudio de capacitaci\u00f3n y acreditaci\u00f3n de consultores en sus propios contextos.<\/p>\n\n\n\n<p>Actualmente, alrededor del 50% de todas las Organizaciones de la Alianza participan activamente liderando aproximadamente 1,000 proyectos de la traducci\u00f3n de la Biblia. Esto representa aproximadamente el 39% de todos los proyectos de traducci\u00f3n a nivel mundial. La Alianza tiene la oportunidad de mejorar tanto el potencial de capacitaci\u00f3n y el potencial de consultores a nivel global.<\/p>\n\n\n\n<p>Al comprometerse a ayudar a las Organizaciones de la Alianza en establecer m\u00e1s recursos de capacitaci\u00f3n en la traducci\u00f3n de la Biblia y procesos de preparaci\u00f3n de consultores, la Alianza reconoce la importancia del Flujo de Participaci\u00f3n de la \u201cCapacitaci\u00f3n en los roles de la Traducci\u00f3n de la Biblia\u201d. Este compromiso tambi\u00e9n resalta el deseo de las Organizaciones de la Alianza de trabajar juntamente con otros para desarrollar medios de capacitaci\u00f3n y acreditaci\u00f3n que sean apropiados para cada contexto.<\/p>\n\n\n\n<h4 class=\"wp-block-heading\">Toda la Biblia para el Pueblo de Dios<\/h4>\n\n\n\n<p>Otra prioridad alta expresada por las iglesias, las comunidades ling\u00fc\u00edsticas, y las organizaciones asociadas es el deseo de tener traducida toda la Biblia \u2013 que no s\u00f3lo sea traducido el Nuevo Testamento, sino tambi\u00e9n el Antiguo Testamento. Los grupos ling\u00fc\u00edsticos desean alcanzar sus comunidades y enriquecer sus iglesias con un Evangelio basado en toda la Biblia, un Evangelio que se centra en toda la Revelaci\u00f3n escrita de Dios a su pueblo. La Alianza se compromete a animar el establecimiento de esfuerzos sostenibles para ayudar a las comunidades ling\u00fc\u00edsticas a lograr este objetivo.<\/p>\n","protected":false},"excerpt":{"rendered":"<p>Directrices en la Traducci\u00f3n B\u00edblica Un Compromiso Tripartito para Incrementar la Capacidad Global La Junta Directiva de la Alianza Global Wycliffe aprob\u00f3 una moci\u00f3n el pasado noviembre 2017, que guiar\u00e1&#8230;<\/p>\n","protected":false},"author":6,"featured_media":0,"parent":5407,"menu_order":0,"comment_status":"closed","ping_status":"closed","template":"","meta":{"give_campaign_id":0,"_kadence_starter_templates_imported_post":false,"_kad_post_transparent":"","_kad_post_title":"","_kad_post_layout":"","_kad_post_sidebar_id":"","_kad_post_content_style":"","_kad_post_vertical_padding":"","_kad_post_feature":"","_kad_post_feature_position":"","_kad_post_header":false,"_kad_post_footer":false,"footnotes":""},"categories":[],"tags":[],"class_list":["post-5575","page","type-page","status-publish","hentry"],"campaignId":"","_links":{"self":[{"href":"https:\/\/wycliffe.net\/es\/wp-json\/wp\/v2\/pages\/5575","targetHints":{"allow":["GET"]}}],"collection":[{"href":"https:\/\/wycliffe.net\/es\/wp-json\/wp\/v2\/pages"}],"about":[{"href":"https:\/\/wycliffe.net\/es\/wp-json\/wp\/v2\/types\/page"}],"author":[{"embeddable":true,"href":"https:\/\/wycliffe.net\/es\/wp-json\/wp\/v2\/users\/6"}],"replies":[{"embeddable":true,"href":"https:\/\/wycliffe.net\/es\/wp-json\/wp\/v2\/comments?post=5575"}],"version-history":[{"count":1,"href":"https:\/\/wycliffe.net\/es\/wp-json\/wp\/v2\/pages\/5575\/revisions"}],"predecessor-version":[{"id":5576,"href":"https:\/\/wycliffe.net\/es\/wp-json\/wp\/v2\/pages\/5575\/revisions\/5576"}],"up":[{"embeddable":true,"href":"https:\/\/wycliffe.net\/es\/wp-json\/wp\/v2\/pages\/5407"}],"wp:attachment":[{"href":"https:\/\/wycliffe.net\/es\/wp-json\/wp\/v2\/media?parent=5575"}],"wp:term":[{"taxonomy":"category","embeddable":true,"href":"https:\/\/wycliffe.net\/es\/wp-json\/wp\/v2\/categories?post=5575"},{"taxonomy":"post_tag","embeddable":true,"href":"https:\/\/wycliffe.net\/es\/wp-json\/wp\/v2\/tags?post=5575"}],"curies":[{"name":"wp","href":"https:\/\/api.w.org\/{rel}","templated":true}]}}