{"id":5508,"date":"2025-09-24T23:17:32","date_gmt":"2025-09-24T21:17:32","guid":{"rendered":"http:\/\/wycliffe.net\/?page_id=5508"},"modified":"2025-09-25T00:53:09","modified_gmt":"2025-09-24T22:53:09","slug":"declaraciones-sobre-la-relacion-de-la-alianza-global-wycliffe-con-la-iglesia","status":"publish","type":"page","link":"https:\/\/wycliffe.net\/es\/philosophy-principle-papers\/declaraciones-sobre-la-relacion-de-la-alianza-global-wycliffe-con-la-iglesia\/","title":{"rendered":"Declaraciones sobre la relaci\u00f3n de la Alianza Global Wycliffe con la Iglesia"},"content":{"rendered":"\n<h2 class=\"wp-block-heading\"><strong>Declaraciones sobre la relaci\u00f3n de la Alianza Global Wycliffe con la\u00a0Iglesia<\/strong><\/h2>\n\n\n\n<p>La Alianza Global Wycliffe (AGW) convoc\u00f3 recientemente a m\u00e1s de 60 participantes, quienes representan una variedad cultural y nacional, a tres consultas misionol\u00f3gica llevadas a cabo en septiembre 2017 (Sud\u00e1frica), noviembre 2017 (Alemania) y marzo 2018 (Tailandia). El tema de las tres consultas fue:&nbsp;<em>La Iglesia-La Alianza Global Wycliffe: Una exploraci\u00f3n misionol\u00f3gica de la Alianza Global Wycliffe y su relaci\u00f3n con la Iglesia en la Misi\u00f3n de Dios<\/em>.<\/p>\n\n\n\n<p>El objetivo de las consultas fue el siguiente:<\/p>\n\n\n\n<ul class=\"wp-block-list\">\n<li>Explorar la relaci\u00f3n entre la Iglesia y misiones;<\/li>\n\n\n\n<li>Informar a la Alianza Global Wycliffe y sus organizaciones sobre como se relacionan con la Iglesia e iglesias en misi\u00f3n. Esto incluye como la Alianza habla acerca de si misma en relaci\u00f3n con la Iglesia, y como la Alianza se relaciona con la Iglesia e iglesias en misi\u00f3n en relaci\u00f3n a pr\u00e1cticas de Traducci\u00f3n de la Biblia; y<\/li>\n\n\n\n<li>Esclarecer y fortalecer la eclesiolog\u00eda de la Alianza Global Wycliffe<\/li>\n<\/ul>\n\n\n\n<p><em>Vea y descargue&nbsp;<\/em><a href=\"http:\/\/wycliffe.net\/wp-content\/uploads\/2025\/09\/Statement-Church_and_the_Alliance_5-2018_ES.pdf\" target=\"_blank\" rel=\"noreferrer noopener\">un PDF<\/a><em>&nbsp;con las declaraciones redactadas durante estas consultas.<\/em><\/p>\n\n\n\n<p><\/p>\n","protected":false},"excerpt":{"rendered":"<p>Declaraciones sobre la relaci\u00f3n de la Alianza Global Wycliffe con la\u00a0Iglesia La Alianza Global Wycliffe (AGW) convoc\u00f3 recientemente a m\u00e1s de 60 participantes, quienes representan una variedad cultural y nacional,&#8230;<\/p>\n","protected":false},"author":5,"featured_media":0,"parent":5072,"menu_order":0,"comment_status":"closed","ping_status":"closed","template":"","meta":{"give_campaign_id":0,"_kadence_starter_templates_imported_post":false,"_kad_post_transparent":"","_kad_post_title":"","_kad_post_layout":"","_kad_post_sidebar_id":"","_kad_post_content_style":"","_kad_post_vertical_padding":"","_kad_post_feature":"","_kad_post_feature_position":"","_kad_post_header":false,"_kad_post_footer":false,"footnotes":""},"categories":[],"tags":[],"class_list":["post-5508","page","type-page","status-publish","hentry"],"campaignId":"","_links":{"self":[{"href":"https:\/\/wycliffe.net\/es\/wp-json\/wp\/v2\/pages\/5508","targetHints":{"allow":["GET"]}}],"collection":[{"href":"https:\/\/wycliffe.net\/es\/wp-json\/wp\/v2\/pages"}],"about":[{"href":"https:\/\/wycliffe.net\/es\/wp-json\/wp\/v2\/types\/page"}],"author":[{"embeddable":true,"href":"https:\/\/wycliffe.net\/es\/wp-json\/wp\/v2\/users\/5"}],"replies":[{"embeddable":true,"href":"https:\/\/wycliffe.net\/es\/wp-json\/wp\/v2\/comments?post=5508"}],"version-history":[{"count":3,"href":"https:\/\/wycliffe.net\/es\/wp-json\/wp\/v2\/pages\/5508\/revisions"}],"predecessor-version":[{"id":5672,"href":"https:\/\/wycliffe.net\/es\/wp-json\/wp\/v2\/pages\/5508\/revisions\/5672"}],"up":[{"embeddable":true,"href":"https:\/\/wycliffe.net\/es\/wp-json\/wp\/v2\/pages\/5072"}],"wp:attachment":[{"href":"https:\/\/wycliffe.net\/es\/wp-json\/wp\/v2\/media?parent=5508"}],"wp:term":[{"taxonomy":"category","embeddable":true,"href":"https:\/\/wycliffe.net\/es\/wp-json\/wp\/v2\/categories?post=5508"},{"taxonomy":"post_tag","embeddable":true,"href":"https:\/\/wycliffe.net\/es\/wp-json\/wp\/v2\/tags?post=5508"}],"curies":[{"name":"wp","href":"https:\/\/api.w.org\/{rel}","templated":true}]}}