{"id":5431,"date":"2025-08-29T17:25:19","date_gmt":"2025-08-29T15:25:19","guid":{"rendered":"http:\/\/wycliffe.net\/?page_id=5431"},"modified":"2025-09-25T16:27:34","modified_gmt":"2025-09-25T14:27:34","slug":"la-alianza-global-wycliffe-en-comunidad","status":"publish","type":"page","link":"https:\/\/wycliffe.net\/es\/philosophy-principle-papers\/la-alianza-global-wycliffe-en-comunidad\/","title":{"rendered":"La Alianza Global Wycliffe en Comunidad"},"content":{"rendered":"\n<h1 class=\"wp-block-heading\">La Alianza Global Wycliffe en Comunidad<\/h1>\n\n\n\n<p><strong>Trasfondo<\/strong><\/p>\n\n\n\n<p>Estos principios fueron desarrollados a partir de las reflexiones y di\u00e1logos de la Consulta Misionol\u00f3gica de la Alianza Global Wycliffe sobre Comunidad, celebrada en Accra, Ghana el 18 y 19 de agosto de 2012.<\/p>\n\n\n\n<p>Participaron en la consulta 12 personas provenientes de nueve pa\u00edses.<\/p>\n\n\n\n<p><strong>Fundamentos<\/strong><\/p>\n\n\n\n<p>La Alianza Global Wycliffe en Comunidad tiene como fundamento las declaraciones centrales de la Alianza (<a href=\"https:\/\/www.wycliffe.net\/es\/quienes-somos\/proposito-mision-vision-y-valores-de-la-alianza-global-wycliffe\/\">Visi\u00f3n, Misi\u00f3n y Valores de la Alianza Global Wycliffe<\/a>).<\/p>\n\n\n\n<p><strong>Principios&nbsp;rectores<\/strong><\/p>\n\n\n\n<p>La comunidad constituye el fundamento para la existencia de la Alianza. Si bien las Organizaciones Participantes de la Alianza comparten muchas metas en com\u00fan, no somos una comunidad solo por tener metas en com\u00fan. Nuestra participaci\u00f3n en la misi\u00f3n de Dios fluye de la comuni\u00f3n con el Dios Trino y de nuestra comuni\u00f3n dentro del Cuerpo de Cristo. Somos comunidad porque compartimos con alegr\u00eda una vida en com\u00fan en Cristo.<\/p>\n\n\n\n<p>Apreciamos y alentamos la naturaleza interdependiente e interconectada de todas las Organizaciones de la Alianza, procurando glorificar a Dios y servir juntos en los movimientos de traducci\u00f3n de la Biblia.<\/p>\n\n\n\n<p>Al servir juntos en comunidad, nos amamos, nos respetamos y nos honramos mutuamente. Es nuestra responsabilidad colectiva buscar la sabidur\u00eda y el discernimiento del Se\u00f1or para fomentar, mentorear, asistir y asesorar el uno al otro. Buscamos comprender los contextos y las culturas. Generamos espacios para escucharnos unos a otros y para decir la verdad en amor. Nuestra interdependencia e interrelaci\u00f3n genera un ambiente donde todas las Organizaciones de la Alianza dan y reciben con generosidad y amabilidad. Reconocemos que no somos due\u00f1os, sino solamente mayordomos de los dones que Dios nos ha entregado. Nos afirmamos unos a otros por lo que somos y no por lo que contribuimos, o por la cantidad con la que contribuimos. Nuestra principal meta es glorificar a Dios juntos.<\/p>\n\n\n\n<p><strong>Principios de la&nbsp;comunidad<\/strong><\/p>\n\n\n\n<ol class=\"wp-block-list\">\n<li>Fuimos creados para comunidad y fuimos llamados a comunidad (creaci\u00f3n y llamado).<\/li>\n\n\n\n<li>Somos el pueblo de Dios, llamados a relacionarnos y comportarnos de manera consistente y con amor de acuerdo a las instrucciones de su Palabra y al ejemplo de Cristo (identidad, qui\u00e9nes somos juntos).<\/li>\n\n\n\n<li>Vivir y servir en comunidad glorifica a Dios y proporciona un ejemplo tangible del Evangelio en acci\u00f3n. Reflejamos la imagen de Dios al modelar intencionalmente una comunidad aut\u00e9ntica (la manera c\u00f3mo vivimos juntos).<\/li>\n\n\n\n<li>Una comunidad que glorifica a Dios atrae a la gente a Dios y a su misi\u00f3n (lo que hacemos juntos).<\/li>\n<\/ol>\n\n\n\n<p><strong>Principios claves para las organizaciones de la Alianza en&nbsp;comunidad<\/strong><\/p>\n\n\n\n<ol class=\"wp-block-list\">\n<li><strong>Dise\u00f1ados para\u00a0comunidad<\/strong><\/li>\n<\/ol>\n\n\n\n<p><strong><em>Principio:&nbsp;<\/em><\/strong><em>Somos creados esencialmente para comunidad y llamados expl\u00edcitamente a comunidad<strong>.<\/strong><\/em><\/p>\n\n\n\n<p>La comunidad es integral a la naturaleza de Dios. El Dios Trino vive en unidad perfecta como Padre, Hijo y Esp\u00edritu Santo. \u00c9l nos ha creado y nos ha llamado a estar en comuni\u00f3n con \u00c9l y en comunidad con otros.<\/p>\n\n\n\n<p>La verdadera comunidad b\u00edblica abarca tanto la unidad como la diversidad, tal como lo demuestra el Dios trino. Reconoce al individuo sin ser individualista. Reconoce y busca el holismo y el&nbsp;<em>shalom&nbsp;<\/em>en el que todos los miembros de la comunidad bendicen y son bendecidos unos a otros.<\/p>\n\n\n\n<ul class=\"wp-block-list\">\n<li><em>La naturaleza de Dios:\u00a0<\/em>La Trinidad existe en unidad y comunidad. Padre, Hijo y Esp\u00edritu Santo viven y sirven juntos con alegr\u00eda, con diversas funciones; sin embargo siguen siendo uno y tienen un prop\u00f3sito unido.<\/li>\n\n\n\n<li><em>Dise\u00f1ados para pertenecer:<\/em>\u00a0Hemos sido creados a imagen de Dios para participar en y para comunidad. Fuimos dise\u00f1ados para pertenecerle a \u00c9l, y para pertenecernos unos a otros. Nuestros dones y habilidades diversos y particulares fueron dise\u00f1ados para ser compartidos y para servir en la comunidad integral.<\/li>\n\n\n\n<li><em>No es una elecci\u00f3n:\u00a0<\/em>La comunidad, para el pueblo de Dios, es nuestra realidad. Es nuestro estado de ser. No es una opci\u00f3n. Existimos en comunidad. Estamos siendo, bien o mal, una comunidad; pero en cualquier caso, existimos como comunidad.<\/li>\n<\/ul>\n\n\n\n<ol start=\"2\" class=\"wp-block-list\">\n<li><strong>Identificados en\u00a0comunidad<\/strong><\/li>\n<\/ol>\n\n\n\n<p><strong><em>Principio:&nbsp;<\/em><\/strong><em>Somos el pueblo de Dios, llamados a relacionarnos y comportarnos de manera consistente y con amor de acuerdo con las instrucciones de su Palabra y el ejemplo de Cristo.<\/em><\/p>\n\n\n\n<p>La Alianza debe adoptar y revelar una vida en comunidad que brote de nuestra vida dentro del Cuerpo de Cristo. Someternos a Dios en todo lo que somos, y por lo tanto en todo lo que hacemos, exige obediencia de pensamiento, actitud y acci\u00f3n.<\/p>\n\n\n\n<ul class=\"wp-block-list\">\n<li><em>Identificados como pueblo de Dios:\u00a0<\/em>Junto a los seguidores de Cristo en todo el mundo, hemos sido redimidos para ser la comunidad de Dios, Su Iglesia. El Esp\u00edritu Santo es derramado sobre la comunidad de los creyentes para que podamos glorificar a Dios y ser una bendici\u00f3n para las naciones. Nos identificamos como pueblo de Dios.<\/li>\n\n\n\n<li><em>Esencial para vivir en el Reino:\u00a0<\/em>Nuestra identidad no se encuentra en nosotros mismos, sino en lo que somos en Dios y en lo que somos unos con otros. La comunidad es esencial para vivir en el Reino.<\/li>\n\n\n\n<li><em>La calidad de la comunidad:\u00a0<\/em>La participaci\u00f3n en la comunidad se trata de ser, no s\u00f3lo de hacer. El\u00a0<em>ser<\/em>\u00a0impregna todo el\u00a0<em>hacer<\/em>.<\/li>\n<\/ul>\n\n\n\n<ol start=\"3\" class=\"wp-block-list\">\n<li><strong>Comunidad en\u00a0acci\u00f3n<\/strong><\/li>\n<\/ol>\n\n\n\n<p><strong><em>Principio:&nbsp;<\/em><\/strong><em>Vivir y servir en comunidad glorifica a Dios y proporciona un ejemplo tangible del Evangelio en acci\u00f3n.<\/em><\/p>\n\n\n\n<p>Nuestro deseo es ser un ejemplo visible de la comunidad del Evangelio. El amor de Dios debe ser ejemplificado en todo lo que hacemos. Como parte de la Iglesia y del Cuerpo de Cristo, estamos destinados a reflejar la imagen de Dios, reflejar Su gloria.<br>La experiencia de participar en comunidad debe ser una experiencia de apoyo y aliento mutuos. Respetaremos y honraremos las diversas voces y los dones de cada organizaci\u00f3n dentro de la comunidad de la Alianza. Juntos buscamos discernir la voluntad de Dios.<\/p>\n\n\n\n<ul class=\"wp-block-list\">\n<li><em>Reflejamos la imagen de Dios al modelar intencionalmente la aut\u00e9ntica comunidad:\u00a0<\/em>Nuestro deseo es ser una comunidad que demuestre amor, compromiso mutuo, interdependencia, respeto y relaciones profundas y de confianza que glorifiquen a Dios.\n<ul class=\"wp-block-list\">\n<li><em>Intencionalidad:\u00a0<\/em>Vivir y servir de manera intencional y con prop\u00f3sito en verdadera comunidad nos permite entender mejor a Dios y a los dem\u00e1s, y ser as\u00ed un testimonio al mundo.<\/li>\n\n\n\n<li><em>Autenticidad:\u00a0<\/em>Siguiendo el ejemplo de la Trinidad deseamos ser abiertos, honestos, veraces y fieles.<\/li>\n\n\n\n<li><em>La oraci\u00f3n y la Palabra de Dios son esenciales para la relaci\u00f3n y la madurez en comunidad:\u00a0<\/em>Solo podemos aprender, crecer y saber m\u00e1s de Dios y de Su deseo para nuestra vida en comunidad, si tenemos un compromiso continuo en nuestra relaci\u00f3n con \u00c9l y con el estudio de Su Palabra. Al conocerlo, nuestro amor hacia \u00c9l y hacia los dem\u00e1s va a crecer y a profundizarse.<\/li>\n\n\n\n<li><em>Las relaciones son una alegr\u00eda y un privilegio, no solo una responsabilidad:\u00a0<\/em>Las relaciones no son un medio para un fin; sino que son expresiones de nuestra valoraci\u00f3n de Dios y de valorarnos entre s\u00ed.<\/li>\n<\/ul>\n<\/li>\n<\/ul>\n\n\n\n<ol start=\"4\" class=\"wp-block-list\">\n<li><strong>La atracci\u00f3n de la\u00a0comunidad<\/strong><\/li>\n<\/ol>\n\n\n\n<p><strong><em>Principio:&nbsp;<\/em><\/strong><em>Una comunidad que glorifica a Dios atrae a la gente a Dios y a su misi\u00f3n.<\/em><\/p>\n\n\n\n<p>Como Alianza servimos en comunidad unos con otros y con el Cuerpo de Cristo en su totalidad. Abrazamos y revelamos una vida en comunidad que brota de nuestra unidad dentro del Cuerpo de Cristo. Ser una Alianza es m\u00e1s que un modelo organizacional para funcionar de manera colectiva como distintas organizaciones. Buscamos ser un modelo vivo del Reino, que muestre la unidad armoniosa y la diversidad del cuerpo de Cristo, para que otros se sientan atra\u00eddos a participar en comunidad.<\/p>\n\n\n\n<ul class=\"wp-block-list\">\n<li><em>El respeto y la inclusi\u00f3n\u00a0<\/em>son una fuerza de atracci\u00f3n<em>.<\/em><\/li>\n\n\n\n<li><em>Vemos y respetamos el valor de los individuos y la comunidad.<\/em><\/li>\n\n\n\n<li><em>La apertura, la transparencia y la vulnerabilidad\u00a0<\/em>son claves para ser una comunidad que atraiga.<\/li>\n\n\n\n<li><em>Invitaci\u00f3n:\u00a0<\/em>Al participar en la misi\u00f3n de Dios, atraemos e invitamos a otros a esa comunidad.<\/li>\n<\/ul>\n\n\n\n<p><strong>AP\u00c9NDICE<\/strong><\/p>\n\n\n\n<p><strong>Ser y hacer:&nbsp;<\/strong>Somos redimidos, restaurados y empoderados en amor a trav\u00e9s del Padre, del Hijo y del Esp\u00edritu Santo. Significa que nuestros pensamientos, actitudes y acciones deben reflejar el amor, la unidad y la diversidad que vemos en la Trinidad. Significa que nuestro&nbsp;<em>ser<\/em>&nbsp;y&nbsp;<em>hacer<\/em>&nbsp;&nbsp;se entrelazan para presentar un retrato atractivo (aunque a\u00fan imperfecto) del Reino de Dios, que ha venido y que est\u00e1 viniendo. La Alianza procura ser una comunidad que brinda este modelo, en la reflexi\u00f3n y en la pr\u00e1ctica.<\/p>\n\n\n\n<p>Las siguientes son expresiones de la vida del Reino, de&nbsp;<em>estar<\/em>&nbsp;&nbsp;en Cristo en comunidad:<\/p>\n\n\n\n<ul class=\"wp-block-list\">\n<li>Permanecer en Cristo &#8211; Jn. 15:4; Col 3:4<\/li>\n\n\n\n<li>Amor\u2013 1Co. 13; Ef 4:16<\/li>\n\n\n\n<li>Comuni\u00f3n con Dios y dependencia de Dios &#8211; Jn. 15:5; 1P. 4:11; Sal. 25:5; Sal. 27:4<\/li>\n\n\n\n<li>Respeto &#8211; Ro. 12:10; 1P. 3:15<\/li>\n\n\n\n<li>Justicia &#8211; Dt. 16:19, 20; Sal 11:7; Is. 1:17; Am. 5:24; Mt. 23:23<\/li>\n\n\n\n<li>Misericordia &#8211; Neh. 9:31; Is. 63:9; Zac. 7:9; Mt. 5:7; Ro. 12:8; Stg. 3:17<\/li>\n\n\n\n<li>Generosidad: lo que tenemos no es nuestro sino Suyo &#8211; Ro. 12:6, 1P. 4:10, 1Co. 12:1, 2Co. 8:1, 13-14, 9:11-14, He. 13:16<\/li>\n\n\n\n<li>Unidad y compa\u00f1erismo &#8211; Jn. 17, He. 10:24, 25, 1Jn. 1:3<\/li>\n\n\n\n<li>Compromiso &#8211; 1 Co. 4:2; 2 Co. 8:2<\/li>\n\n\n\n<li>Compasi\u00f3n &#8211; Ex. 34:6; Sal. 111:4; Sal. 112:4; Zac. 7:9; 2Co. 1:3; Col. 3:12; 1P. 3:8<\/li>\n\n\n\n<li>Gracia &#8211; Zac. 12:10; Jn. 1:14-17; Hch. 20:32; Ro. 12:6; 2Co. 1:12; 12:9; Ef. 4:7<\/li>\n\n\n\n<li>Fe &#8211; 1S. 12:24; Sal. 30:4; Pr. 2:8; Mt. 21:21; Hch. 16:05; Ro. 1:5-17<\/li>\n\n\n\n<li>Confianza &#8211; 2S. 7:28; Sal. 9:10; Sal. 125:1; Neh. 1:7; Ro. 15:13<\/li>\n\n\n\n<li>Igualdad: nadie ni ning\u00fan tipo de servicio se valora m\u00e1s que otro &#8211; 2Co. 8:13-14<\/li>\n\n\n\n<li>Interdependencia: ni dependencia ni independencia &#8211; 1Co. 12:7; 1P. 4:10-11<\/li>\n\n\n\n<li>Humildad &#8211; Lc. 10:12; Jn. 15:5; Ro. 12:3; Ef. 3:7-8<\/li>\n\n\n\n<li>Autenticidad &#8211; Zac. 8:16; Jn. 4:23; Ef. 4:24; Fil. 4:8<\/li>\n<\/ul>\n\n\n\n<p>Las siguientes son expresiones del&nbsp;<em>hacer&nbsp;<\/em>en la vida del Reino, que fluyen del&nbsp;<em>ser<\/em>:<\/p>\n\n\n\n<ul class=\"wp-block-list\">\n<li>Traducci\u00f3n de la Biblia &#8211; un ejemplo tangible de servir en comunidad<\/li>\n\n\n\n<li>Convertirse en \u00abprofesionales reflexivos\u00bb<\/li>\n\n\n\n<li>Discipulado: una parte de la vida del Cuerpo, una formaci\u00f3n continua en la vida en comunidad con Dios y entre nosotros &#8211; 2Ti. 3:16<\/li>\n\n\n\n<li>Cooperaci\u00f3n &#8211; Fil. 1:5; Filem\u00f3n 17<\/li>\n\n\n\n<li>Sacrificio: llevar las cargas de los otros &#8211; He. 13:16; 2Cor 8:2; G\u00e1. 6:02<\/li>\n\n\n\n<li>Escuchar (y preguntar, no s\u00f3lo informarnos) &#8211; Hch .2:42<\/li>\n\n\n\n<li>Aliento &#8211; He. 3:13, 10:24-25<\/li>\n\n\n\n<li>Oraci\u00f3n &#8211; Fil 1:3-5; Mt 18:20; Stg. 5:16<\/li>\n\n\n\n<li>Poco apegados a las cosas : no estamos al control &#8211; Hch. 4:32<\/li>\n\n\n\n<li>Inclusi\u00f3n &#8211; Ro. 12:5; Ro.12:10<\/li>\n\n\n\n<li>Efectividad: toda la Comunidad &#8211; 1Co. 12:25; Ef.4:16<\/li>\n\n\n\n<li>Transformaci\u00f3n &#8211; en curso. La Comunidad es un elemento esencial para la transformaci\u00f3n<\/li>\n\n\n\n<li>Restauraci\u00f3n &#8211; pasado, presente y futuro<\/li>\n\n\n\n<li>Rendici\u00f3n de cuentas mutua &#8211; Col. 3:16; Ef. 5:21<\/li>\n\n\n\n<li>Crecimiento: descubrimiento y aprendizaje permanentes &#8211; Ro. 15:14<\/li>\n\n\n\n<li>M\u00faltiples centros de influencia &#8211; sosteniendo holgadamente, liberando el \u00abcontrol\u00bb<\/li>\n\n\n\n<li>Multiling\u00fce<\/li>\n\n\n\n<li>Multicultural e intercultural &#8211; Ro. 12:5<\/li>\n\n\n\n<li>Mayordom\u00eda &#8211; el cuidado de lo que Dios nos ha dado y de lo que \u00c9l est\u00e1 haciendo con nosotros y por medio de nosotros<\/li>\n<\/ul>\n\n\n\n<p>(Los vers\u00edculos proporcionados no son \u00abtextos probados\u00bb sino que son recursos para la reflexi\u00f3n y el estudio).<\/p>\n","protected":false},"excerpt":{"rendered":"<p>La Alianza Global Wycliffe en Comunidad Trasfondo Estos principios fueron desarrollados a partir de las reflexiones y di\u00e1logos de la Consulta Misionol\u00f3gica de la Alianza Global Wycliffe sobre Comunidad, celebrada&#8230;<\/p>\n","protected":false},"author":5,"featured_media":0,"parent":5072,"menu_order":0,"comment_status":"closed","ping_status":"closed","template":"","meta":{"give_campaign_id":0,"_kadence_starter_templates_imported_post":false,"_kad_post_transparent":"","_kad_post_title":"","_kad_post_layout":"","_kad_post_sidebar_id":"","_kad_post_content_style":"","_kad_post_vertical_padding":"","_kad_post_feature":"","_kad_post_feature_position":"","_kad_post_header":false,"_kad_post_footer":false,"footnotes":""},"categories":[],"tags":[],"class_list":["post-5431","page","type-page","status-publish","hentry"],"campaignId":"","_links":{"self":[{"href":"https:\/\/wycliffe.net\/es\/wp-json\/wp\/v2\/pages\/5431","targetHints":{"allow":["GET"]}}],"collection":[{"href":"https:\/\/wycliffe.net\/es\/wp-json\/wp\/v2\/pages"}],"about":[{"href":"https:\/\/wycliffe.net\/es\/wp-json\/wp\/v2\/types\/page"}],"author":[{"embeddable":true,"href":"https:\/\/wycliffe.net\/es\/wp-json\/wp\/v2\/users\/5"}],"replies":[{"embeddable":true,"href":"https:\/\/wycliffe.net\/es\/wp-json\/wp\/v2\/comments?post=5431"}],"version-history":[{"count":2,"href":"https:\/\/wycliffe.net\/es\/wp-json\/wp\/v2\/pages\/5431\/revisions"}],"predecessor-version":[{"id":5887,"href":"https:\/\/wycliffe.net\/es\/wp-json\/wp\/v2\/pages\/5431\/revisions\/5887"}],"up":[{"embeddable":true,"href":"https:\/\/wycliffe.net\/es\/wp-json\/wp\/v2\/pages\/5072"}],"wp:attachment":[{"href":"https:\/\/wycliffe.net\/es\/wp-json\/wp\/v2\/media?parent=5431"}],"wp:term":[{"taxonomy":"category","embeddable":true,"href":"https:\/\/wycliffe.net\/es\/wp-json\/wp\/v2\/categories?post=5431"},{"taxonomy":"post_tag","embeddable":true,"href":"https:\/\/wycliffe.net\/es\/wp-json\/wp\/v2\/tags?post=5431"}],"curies":[{"name":"wp","href":"https:\/\/api.w.org\/{rel}","templated":true}]}}