{"id":5407,"date":"2025-08-13T21:34:50","date_gmt":"2025-08-13T19:34:50","guid":{"rendered":"http:\/\/wycliffe.net\/philosophy-principle-papers\/directions-in-bible-translation\/"},"modified":"2025-09-25T01:52:22","modified_gmt":"2025-09-24T23:52:22","slug":"directrices-en-traduccion-biblica","status":"publish","type":"page","link":"https:\/\/wycliffe.net\/es\/philosophy-principle-papers\/directrices-en-traduccion-biblica\/","title":{"rendered":"Directrices en Traducci\u00f3n B\u00edblica"},"content":{"rendered":"\n<h1 class=\"wp-block-heading\">Directrices en Traducci\u00f3n B\u00edblica<\/h1>\n\n\n\n<p><em>Compilaci\u00f3n por Dr. Bryan Harmelink, Director de Colaboraci\u00f3n, Con apoyo del Dr. Kirk Franklin, Director Ejecutivo<\/em><\/p>\n\n\n\n<p><em>6 de noviembre 2017<\/em><\/p>\n\n\n\n<p>La Junta de la Alianza en reuniones sostenidas durante el 31 de octubre al 2 de noviembre de 2017, tom\u00f3 las siguientes decisiones (\u00e9nfasis nuestro):<\/p>\n\n\n\n<ol class=\"wp-block-list\">\n<li>La Junta aprueba, respalda e incentiva al Equipo de Liderazgo Global para ayudar a las Organizaciones y ministerios de la Alianza a trabajar juntos en el&nbsp;<strong>desarrollo de programas de estudio para capacitaci\u00f3n<\/strong>&nbsp;en traducci\u00f3n de la Biblia y procesos de capacitaci\u00f3n que se adapten a los contextos en desarrollo, dentro del movimiento de traducci\u00f3n de la Biblia.<\/li>\n\n\n\n<li>La Junta aprueba, respalda e incentiva al Equipo de Liderazgo Global, junto con las \u00c1reas, Organizaciones y ministerios de la Alianza, a desarrollar procesos apropiados para la&nbsp;<strong>acreditaci\u00f3n de consultores b\u00edblicos<\/strong>, , y a revisar el concepto y rol de los consultores b\u00edblicos en el proceso de traducci\u00f3n.<\/li>\n\n\n\n<li>La Junta aprueba, respalda e incentiva al Equipo de Liderazgo Global:\n<ul class=\"wp-block-list\">\n<li><strong>En articular el compromiso de la Alianza a traducir la Biblia completa<\/strong>&nbsp;(en los idiomas minoritarios)<\/li>\n\n\n\n<li>En animar a las Organizaciones de la Alianza a desarrollar alianzas con sus respectivas comunidades linguisticas locales para garantizar que toda la Biblia eventualmente se traduzca y est\u00e9 disponible en los medios apropiados.<\/li>\n\n\n\n<li>Comprometerse a establecer procesos sostenibles que est\u00e9n fundamentados en la propia comunidad local.<\/li>\n<\/ul>\n<\/li>\n<\/ol>\n\n\n\n<p><strong>Implicaciones<\/strong><\/p>\n\n\n\n<p>De acuerdo con lo anteriormente expuesto, la colaboraci\u00f3n y asociaci\u00f3n con otros, es un componente importante en estas decisiones. En lo que respecta a la acreditaci\u00f3n o el reconocimiento a los consultores de la traducci\u00f3n, algunas Organizaciones de la Alianza ya lo est\u00e1n haciendo, pero otras a\u00fan no. Esta decisi\u00f3n incentiva a todas las Organizaciones de la Alianza a buscar maneras de asociarse que contribuyan a incrementar la capacidad y desarrollo de la consultor\u00eda b\u00edblica en el movimiento global de la traducci\u00f3n de la Biblia.<\/p>\n\n\n\n<p>En el tema de la capacitaci\u00f3n de la traducci\u00f3n de la Biblia, la reciente decisi\u00f3n reconoce la importancia que tiene la V\u00eda de Participaci\u00f3n \u201cCapacitaci\u00f3n en los Roles de la Traducci\u00f3n de la Biblia\u201d y resalta el papel activo que la Organizaci\u00f3n de la Alianza debe desempe\u00f1ar, al asociarse con otros para desarrollar la capacitaci\u00f3n m\u00e1s apropiada y adecuada, de acuerdo con el contexto local.<\/p>\n\n\n\n<p>Haga clic&nbsp;<a href=\"http:\/\/wycliffe.net\/wp-content\/uploads\/2025\/09\/Directrices-en-Traduccion-Biblica.pdf\">aqu\u00ed<\/a>&nbsp;para obtener un PDF de este documento<\/p>\n\n\n\n<p>Haga clic&nbsp;<a href=\"http:\/\/wycliffe.net\/es\/philosophy-principle-papers\/directrices-en-traduccion-biblica\/\">aqu\u00ed<\/a>&nbsp;para leer&nbsp;<em>Directrices en la Traducci\u00f3n B\u00edblica Un Compromiso Tripartito para Incrementar la Capacidad Global<\/em><\/p>\n\n\n\n<p>Haga clic\u00a0<a href=\"http:\/\/wycliffe.net\/es\/2019\/02\/02\/la-necesidad-de-traducir-el-antiguo-testamento\/\">aqu\u00ed<\/a>\u00a0para leer La necesidad de la traducci\u00f3n del Antiguo Testamento, por el Dr. Paul Kimbi (en ingl\u00e9s)<\/p>\n\n\n\n<p><\/p>\n","protected":false},"excerpt":{"rendered":"<p>Directrices en Traducci\u00f3n B\u00edblica Compilaci\u00f3n por Dr. Bryan Harmelink, Director de Colaboraci\u00f3n, Con apoyo del Dr. Kirk Franklin, Director Ejecutivo 6 de noviembre 2017 La Junta de la Alianza en&#8230;<\/p>\n","protected":false},"author":5,"featured_media":0,"parent":5072,"menu_order":0,"comment_status":"closed","ping_status":"closed","template":"","meta":{"give_campaign_id":0,"_kadence_starter_templates_imported_post":false,"_kad_post_transparent":"","_kad_post_title":"","_kad_post_layout":"","_kad_post_sidebar_id":"","_kad_post_content_style":"","_kad_post_vertical_padding":"","_kad_post_feature":"","_kad_post_feature_position":"","_kad_post_header":false,"_kad_post_footer":false,"footnotes":""},"categories":[],"tags":[],"class_list":["post-5407","page","type-page","status-publish","hentry"],"campaignId":"","_links":{"self":[{"href":"https:\/\/wycliffe.net\/es\/wp-json\/wp\/v2\/pages\/5407","targetHints":{"allow":["GET"]}}],"collection":[{"href":"https:\/\/wycliffe.net\/es\/wp-json\/wp\/v2\/pages"}],"about":[{"href":"https:\/\/wycliffe.net\/es\/wp-json\/wp\/v2\/types\/page"}],"author":[{"embeddable":true,"href":"https:\/\/wycliffe.net\/es\/wp-json\/wp\/v2\/users\/5"}],"replies":[{"embeddable":true,"href":"https:\/\/wycliffe.net\/es\/wp-json\/wp\/v2\/comments?post=5407"}],"version-history":[{"count":4,"href":"https:\/\/wycliffe.net\/es\/wp-json\/wp\/v2\/pages\/5407\/revisions"}],"predecessor-version":[{"id":5758,"href":"https:\/\/wycliffe.net\/es\/wp-json\/wp\/v2\/pages\/5407\/revisions\/5758"}],"up":[{"embeddable":true,"href":"https:\/\/wycliffe.net\/es\/wp-json\/wp\/v2\/pages\/5072"}],"wp:attachment":[{"href":"https:\/\/wycliffe.net\/es\/wp-json\/wp\/v2\/media?parent=5407"}],"wp:term":[{"taxonomy":"category","embeddable":true,"href":"https:\/\/wycliffe.net\/es\/wp-json\/wp\/v2\/categories?post=5407"},{"taxonomy":"post_tag","embeddable":true,"href":"https:\/\/wycliffe.net\/es\/wp-json\/wp\/v2\/tags?post=5407"}],"curies":[{"name":"wp","href":"https:\/\/api.w.org\/{rel}","templated":true}]}}