{"id":5392,"date":"2025-08-29T17:28:11","date_gmt":"2025-08-29T15:28:11","guid":{"rendered":"http:\/\/wycliffe.net\/?page_id=5392"},"modified":"2025-09-24T22:48:51","modified_gmt":"2025-09-24T20:48:51","slug":"mayordomia-de-la-tierra","status":"publish","type":"page","link":"https:\/\/wycliffe.net\/es\/philosophy-principle-papers\/mayordomia-de-la-tierra\/","title":{"rendered":"Mayordom\u00eda de la Tierra"},"content":{"rendered":"\n<h2 class=\"wp-block-heading\">Mayordom\u00eda de la Tierra<\/h2>\n\n\n\n<p>Como seguidores de Cristo, el personal de la Alianza Global Wycliffe respalda la mayordom\u00eda* de la Tierra<\/p>\n\n\n\n<ul class=\"wp-block-list\">\n<li>en reverencia a Dios,<\/li>\n\n\n\n<li>con respeto por la creaci\u00f3n divina,<\/li>\n\n\n\n<li>en respuesta al deseo de Dios de restaurar y renovar todas las cosas por medio de Cristo.<\/li>\n<\/ul>\n\n\n\n<p>Nos deleitamos y celebramos la belleza y diversidad de la creaci\u00f3n e invitamos a otras personas a unirse en esta celebraci\u00f3n.<\/p>\n\n\n\n<p>Reconocemos que somos participantes en la obra de Dios de redenci\u00f3n y reconciliaci\u00f3n, lo que incluye a toda la creaci\u00f3n.<\/p>\n\n\n\n<p>Reconocemos la responsabilidad y privilegio que Dios nos ha dado de cuidar de la tierra, y participamos en el amor e inter\u00e9s del Creador por todas sus criaturas. La Palabra de Dios es nuestra autoridad y gu\u00eda para una mayordom\u00eda sabia de todas las cosas.<\/p>\n\n\n\n<p>Reconocemos que muchos de los afectados por los asuntos medioambientales est\u00e1n entre los m\u00e1s pobres y menos poderosos. Muchas de estas personas est\u00e1n en las comunidades ling\u00fc\u00edsticas minoritarias a quienes servimos.<\/p>\n\n\n\n<p>Aceptamos la responsabilidad personal y corporativa de cuidar la tierra mediante actitudes y acciones sabias respecto a nuestro uso de los recursos y nuestro impacto en el medio ambiente.<\/p>\n\n\n\n<p>Por consiguiente, nos comprometemos a ser tanto siervos y mayordomos, conscientes y atendiendo a las necesidades hol\u00edsticas de los pueblos de la tierra y su medio ambiente.<\/p>\n\n\n\n<p>*Mayordom\u00eda: tener algo en fideicomiso por otro. La mayordom\u00eda de la tierra, o la mayordom\u00eda medioambiental es el cuidado y uso responsable de los recursos de este planeta, reconociendo que le pertenecen a Dios y que \u00c9l nos lo dado el privilegio de disfrutar y cuidar lo que \u00c9l ha creado.<\/p>\n\n\n\n<p>Recursos Adicionales (en Ingl\u00e9s):<\/p>\n\n\n\n<ul class=\"wp-block-list\">\n<li>(Art\u00edculo de Conversaci\u00f3n Global)&nbsp;<a href=\"https:\/\/www.christianitytoday.com\/ct\/2010\/july\/main.html\" target=\"_blank\" rel=\"noreferrer noopener\">Christianity Today: Global Conversation article<\/a><\/li>\n\n\n\n<li>(Consulta mundial sobre el cuidado de la creaci\u00f3n y el Evangelio: Llamado a la Acci\u00f3n)&nbsp;<a href=\"http:\/\/www.lausanne.org\/en\/documents\/all\/2012-creation-care\/1881-call-to-action.html\" target=\"_blank\" rel=\"noreferrer noopener\">Lausanne Global Consultation on Creation Care and the Gospel: Call to Action<\/a><\/li>\n<\/ul>\n","protected":false},"excerpt":{"rendered":"<p>Mayordom\u00eda de la Tierra Como seguidores de Cristo, el personal de la Alianza Global Wycliffe respalda la mayordom\u00eda* de la Tierra Nos deleitamos y celebramos la belleza y diversidad de&#8230;<\/p>\n","protected":false},"author":5,"featured_media":0,"parent":5072,"menu_order":0,"comment_status":"closed","ping_status":"closed","template":"","meta":{"give_campaign_id":0,"_kadence_starter_templates_imported_post":false,"_kad_post_transparent":"","_kad_post_title":"","_kad_post_layout":"","_kad_post_sidebar_id":"","_kad_post_content_style":"","_kad_post_vertical_padding":"","_kad_post_feature":"","_kad_post_feature_position":"","_kad_post_header":false,"_kad_post_footer":false,"footnotes":""},"categories":[],"tags":[],"class_list":["post-5392","page","type-page","status-publish","hentry"],"campaignId":"","_links":{"self":[{"href":"https:\/\/wycliffe.net\/es\/wp-json\/wp\/v2\/pages\/5392","targetHints":{"allow":["GET"]}}],"collection":[{"href":"https:\/\/wycliffe.net\/es\/wp-json\/wp\/v2\/pages"}],"about":[{"href":"https:\/\/wycliffe.net\/es\/wp-json\/wp\/v2\/types\/page"}],"author":[{"embeddable":true,"href":"https:\/\/wycliffe.net\/es\/wp-json\/wp\/v2\/users\/5"}],"replies":[{"embeddable":true,"href":"https:\/\/wycliffe.net\/es\/wp-json\/wp\/v2\/comments?post=5392"}],"version-history":[{"count":2,"href":"https:\/\/wycliffe.net\/es\/wp-json\/wp\/v2\/pages\/5392\/revisions"}],"predecessor-version":[{"id":5425,"href":"https:\/\/wycliffe.net\/es\/wp-json\/wp\/v2\/pages\/5392\/revisions\/5425"}],"up":[{"embeddable":true,"href":"https:\/\/wycliffe.net\/es\/wp-json\/wp\/v2\/pages\/5072"}],"wp:attachment":[{"href":"https:\/\/wycliffe.net\/es\/wp-json\/wp\/v2\/media?parent=5392"}],"wp:term":[{"taxonomy":"category","embeddable":true,"href":"https:\/\/wycliffe.net\/es\/wp-json\/wp\/v2\/categories?post=5392"},{"taxonomy":"post_tag","embeddable":true,"href":"https:\/\/wycliffe.net\/es\/wp-json\/wp\/v2\/tags?post=5392"}],"curies":[{"name":"wp","href":"https:\/\/api.w.org\/{rel}","templated":true}]}}