{"id":5366,"date":"2025-08-29T17:29:13","date_gmt":"2025-08-29T15:29:13","guid":{"rendered":"http:\/\/wycliffe.net\/?page_id=5366"},"modified":"2025-09-24T22:44:39","modified_gmt":"2025-09-24T20:44:39","slug":"vision-2025","status":"publish","type":"page","link":"https:\/\/wycliffe.net\/es\/philosophy-principle-papers\/vision-2025\/","title":{"rendered":"Visi\u00f3n 2025"},"content":{"rendered":"\n<h2 class=\"wp-block-heading\">Visi\u00f3n 2025<\/h2>\n\n\n\n<p>Reconocemos que nuestra meta principal es glorificar a Dios y disfrutar de \u00c9l por siempre. Reconocemos que Dios es nuestra suficiencia, nuestra confianza, nuestra seguridad, y nuestra satisfacci\u00f3n. Procuramos hallar lo bueno y huir de malo, y de este modo evaluar nuestras decisiones, acciones y relaciones, bas\u00e1ndonos en la realidad de la Comunidad, la realidad de la Cruz y la realidad de la Nueva Creaci\u00f3n.&nbsp;<\/p>\n\n\n\n<h2 class=\"wp-block-heading\">Visi\u00f3n:<\/h2>\n\n\n\n<p>Motivados por la necesidad apremiante de que todos los pueblos tengan acceso a la Palabra de Dios en una lengua que hable a sus corazones, y reafirmando nuestros valores hist\u00f3ricos y nuestra confianza en que Dios realice lo imposible,<\/p>\n\n\n\n<p>Abrazamos la visi\u00f3n de que para el a\u00f1o 2025 un proyecto de traducci\u00f3n de la Biblia est\u00e9 en progreso para todo grupo ling\u00fc\u00edstico que lo necesite.<\/p>\n\n\n\n<p>Reconocemos que esto no se podr\u00e1 realizar simplemente trabajando m\u00e1s duro o haciendo m\u00e1s de lo que estamos haciendo ahora. Requiere que nosotros hagamos cambios significativos en nuestras actitudes y nuestra manera de trabajar.<\/p>\n\n\n\n<p>Deseamos desarrollar capacidades para programas sostenibles de traducci\u00f3n b\u00edblica y actividades depara el uso de las Sagradas Escritura. Por lo tanto, instamos a cada entidad dentro de nuestra familia de organizaciones a priorizar el fortalecimiento de las actuales alianzas estrat\u00e9gicas, a la formaci\u00f3n de nuevas alianzas estrat\u00e9gicas, y al trabajo conjunto para desarrollar planteamientos creativos, adecuados para a contexto.<\/p>\n\n\n\n<p>A tal fin nos comprometemos a orar por el cumplimiento de esta visi\u00f3n, buscando la gu\u00eda de Dios y obedeci\u00e9ndole en cualquier nueva direcci\u00f3n que \u00c9l nos gu\u00ede.<\/p>\n\n\n\n<p>Vision 2025 sirve como un recordatorio de que necesitamos reflexionar continuamente en lo que vemos a nuestro alrededor y ante nosotros mientras participamos en la traducci\u00f3n de la Biblia. La Visi\u00f3n 2025 fue desarrollada y adoptada en 1999 por ambos, Wycliffe Internacional (predecesor de la Alianza Global Wycliffe) y la organizaci\u00f3n asociada SIL Internacional. Adoptada en respuesta a realidades pr\u00e1cticas y misionol\u00f3gicas de este tiempo, esta visi\u00f3n ha motivado e inspirado muchas personas y organizaciones para crear y unirse a movimientos de traducci\u00f3n b\u00edblica alrededor del mundo.<\/p>\n\n\n\n<p><a href=\"https:\/\/www.wycliffe.net\/es\/que-hacemos\/articulos-sobre-filosofia-y-principios\/el-camino-de-la-alianza-en-respuesta-a-la-vision-2025-un-dialogo-misionologico\/\">El camino de la Alianza en respuesta a la Visi\u00f3n 2025: Un di\u00e1logo misionol\u00f3gico<\/a><\/p>\n","protected":false},"excerpt":{"rendered":"<p>Visi\u00f3n 2025 Reconocemos que nuestra meta principal es glorificar a Dios y disfrutar de \u00c9l por siempre. Reconocemos que Dios es nuestra suficiencia, nuestra confianza, nuestra seguridad, y nuestra satisfacci\u00f3n&#8230;.<\/p>\n","protected":false},"author":5,"featured_media":0,"parent":5072,"menu_order":0,"comment_status":"closed","ping_status":"closed","template":"","meta":{"give_campaign_id":0,"_kadence_starter_templates_imported_post":false,"_kad_post_transparent":"","_kad_post_title":"","_kad_post_layout":"","_kad_post_sidebar_id":"","_kad_post_content_style":"","_kad_post_vertical_padding":"","_kad_post_feature":"","_kad_post_feature_position":"","_kad_post_header":false,"_kad_post_footer":false,"footnotes":""},"categories":[],"tags":[],"class_list":["post-5366","page","type-page","status-publish","hentry"],"campaignId":"","_links":{"self":[{"href":"https:\/\/wycliffe.net\/es\/wp-json\/wp\/v2\/pages\/5366","targetHints":{"allow":["GET"]}}],"collection":[{"href":"https:\/\/wycliffe.net\/es\/wp-json\/wp\/v2\/pages"}],"about":[{"href":"https:\/\/wycliffe.net\/es\/wp-json\/wp\/v2\/types\/page"}],"author":[{"embeddable":true,"href":"https:\/\/wycliffe.net\/es\/wp-json\/wp\/v2\/users\/5"}],"replies":[{"embeddable":true,"href":"https:\/\/wycliffe.net\/es\/wp-json\/wp\/v2\/comments?post=5366"}],"version-history":[{"count":2,"href":"https:\/\/wycliffe.net\/es\/wp-json\/wp\/v2\/pages\/5366\/revisions"}],"predecessor-version":[{"id":5419,"href":"https:\/\/wycliffe.net\/es\/wp-json\/wp\/v2\/pages\/5366\/revisions\/5419"}],"up":[{"embeddable":true,"href":"https:\/\/wycliffe.net\/es\/wp-json\/wp\/v2\/pages\/5072"}],"wp:attachment":[{"href":"https:\/\/wycliffe.net\/es\/wp-json\/wp\/v2\/media?parent=5366"}],"wp:term":[{"taxonomy":"category","embeddable":true,"href":"https:\/\/wycliffe.net\/es\/wp-json\/wp\/v2\/categories?post=5366"},{"taxonomy":"post_tag","embeddable":true,"href":"https:\/\/wycliffe.net\/es\/wp-json\/wp\/v2\/tags?post=5366"}],"curies":[{"name":"wp","href":"https:\/\/api.w.org\/{rel}","templated":true}]}}