{"id":5079,"date":"2025-08-13T21:30:46","date_gmt":"2025-08-13T19:30:46","guid":{"rendered":"http:\/\/wycliffe.net\/philosophy-principle-papers\/the-global-people-conversation\/"},"modified":"2025-09-24T22:26:36","modified_gmt":"2025-09-24T20:26:36","slug":"the-global-people-conversation","status":"publish","type":"page","link":"https:\/\/wycliffe.net\/es\/philosophy-principle-papers\/the-global-people-conversation\/","title":{"rendered":"La Conversaci\u00f3n Mundial de Personas"},"content":{"rendered":"\n<h1 class=\"wp-block-heading\">La Conversaci\u00f3n Mundial de Personas<\/h1>\n\n\n<div class=\"wp-block-image\">\n<figure class=\"aligncenter\"><img decoding=\"async\" src=\"https:\/\/www.wycliffe.net\/wp-content\/uploads\/2024\/03\/GPC-2799-1024x655.jpg\" alt=\"\" class=\"wp-image-20191\"\/><\/figure>\n<\/div>\n\n\n<p>El siglo XXI ya ha visto profundos cambios en la manera en que la iglesia en todo el mundo piensa sobre su participaci\u00f3n en la misi\u00f3n de Dios. Las organizaciones de la Alianza Global Wycliffe est\u00e1n cada vez m\u00e1s conscientes de que nuestras estrategias y pr\u00e1cticas podr\u00edan ya no ajustarse a las realidades actuales y a las necesidades futuras. Por ejemplo: \u00bfC\u00f3mo deber\u00eda ser hoy una organizaci\u00f3n \u201cque env\u00eda\u201d?&nbsp;<\/p>\n\n\n\n<p>La Alianza abord\u00f3 estos retos organizando la Conversaci\u00f3n Mundial de Personas de 2023, que se celebr\u00f3 durante un a\u00f1o. Se celebraron reuniones en cada una de nuestras cuatro regiones, a las que asistieron 120 personas de 75 organizaciones de la Alianza involucradas en nuestra corriente de participaci\u00f3n denominada \u201cPersonas\u201d. Despu\u00e9s, un \u00faltimo grupo se reuni\u00f3 para analizar conjuntamente lo que hab\u00edamos aprendido.&nbsp;<\/p>\n\n\n\n<h3 class=\"wp-block-heading\">Leer el resumen del informe:<\/h3>\n\n\n\n<ul class=\"wp-block-list\">\n<li><a href=\"http:\/\/wycliffe.net\/wp-content\/uploads\/2025\/09\/GPC-summary-report_final2_web.pdf\" data-type=\"attachment\" data-id=\"5122\">Ingl\u00e9s<\/a><\/li>\n\n\n\n<li><a href=\"http:\/\/wycliffe.net\/wp-content\/uploads\/2025\/09\/GPC-summary-report-french2.pdf\" data-type=\"attachment\" data-id=\"5110\">Franc\u00e9s<\/a><\/li>\n\n\n\n<li><a href=\"http:\/\/wycliffe.net\/wp-content\/uploads\/2025\/09\/GPC-summary-report-indonesian2.pdf\" data-type=\"attachment\" data-id=\"5116\">Indonesio<\/a><\/li>\n\n\n\n<li><a href=\"http:\/\/wycliffe.net\/wp-content\/uploads\/2025\/09\/GPC-summary-report-portuguese2.pdf\" data-type=\"attachment\" data-id=\"5104\">Portugu\u00e9s<\/a><\/li>\n\n\n\n<li>Espa\u00f1ol<\/li>\n<\/ul>\n\n\n\n<p><strong><a href=\"http:\/\/wycliffe.net\/es\/philosophy-principle-papers\/the-global-people-conversation\/videos-from-the-global-people-conversation\/\" data-type=\"page\" data-id=\"5155\">VER:<\/a><\/strong>&nbsp;Ver entrevistas en v\u00eddeo con los participantes.<\/p>\n\n\n\n<p><strong><a href=\"https:\/\/open.spotify.com\/episode\/7eGn1GgpFohaU3ngeeP212\">ESCUCHA:&nbsp;<\/a><\/strong>&nbsp;El Podcast Journey nos trae una conversaci\u00f3n con Hannes Wiesmann, Asistente del Director Ejecutivo, sobre la Conversaci\u00f3n Mundial de Personas de 2023 que se desarroll\u00f3 en cuatro segmentos en cuatro continentes. M\u00e1s concretamente, la forma en que esta clase de encuentros resaltan los valores de la Alianza mediante la inclusi\u00f3n de una gran variedad de opiniones para tratar temas comunes en el movimiento de traducci\u00f3n de la Biblia.<\/p>\n\n\n\n<p><\/p>\n\n\n\n<figure class=\"wp-block-image size-large\"><img loading=\"lazy\" decoding=\"async\" width=\"1024\" height=\"683\" src=\"http:\/\/wycliffe.net\/wp-content\/uploads\/2025\/09\/2023July_KL_5077-scaled-1-1024x683.jpg\" alt=\"\" class=\"wp-image-5380\" srcset=\"https:\/\/wycliffe.net\/wp-content\/uploads\/2025\/09\/2023July_KL_5077-scaled-1-1024x683.jpg 1024w, https:\/\/wycliffe.net\/wp-content\/uploads\/2025\/09\/2023July_KL_5077-scaled-1-300x200.jpg 300w, https:\/\/wycliffe.net\/wp-content\/uploads\/2025\/09\/2023July_KL_5077-scaled-1-768x512.jpg 768w, https:\/\/wycliffe.net\/wp-content\/uploads\/2025\/09\/2023July_KL_5077-scaled-1-1536x1025.jpg 1536w, https:\/\/wycliffe.net\/wp-content\/uploads\/2025\/09\/2023July_KL_5077-scaled-1.jpg 2048w\" sizes=\"auto, (max-width: 1024px) 100vw, 1024px\" \/><figcaption class=\"wp-element-caption\">De la Conversaci\u00f3n Global de Personas de Asia-Pac\u00edfico en Kuala Lumpur, Malasia (julio de 2023). Foto: Siew Wah Ng<\/figcaption><\/figure>\n\n\n\n<p><\/p>\n","protected":false},"excerpt":{"rendered":"<p>La Conversaci\u00f3n Mundial de Personas El siglo XXI ya ha visto profundos cambios en la manera en que la iglesia en todo el mundo piensa sobre su participaci\u00f3n en la&#8230;<\/p>\n","protected":false},"author":5,"featured_media":0,"parent":5072,"menu_order":0,"comment_status":"closed","ping_status":"closed","template":"","meta":{"give_campaign_id":0,"_kadence_starter_templates_imported_post":false,"_kad_post_transparent":"","_kad_post_title":"","_kad_post_layout":"","_kad_post_sidebar_id":"","_kad_post_content_style":"","_kad_post_vertical_padding":"","_kad_post_feature":"","_kad_post_feature_position":"","_kad_post_header":false,"_kad_post_footer":false,"footnotes":""},"categories":[578],"tags":[],"class_list":["post-5079","page","type-page","status-publish","hentry","category-reuniones"],"campaignId":"","_links":{"self":[{"href":"https:\/\/wycliffe.net\/es\/wp-json\/wp\/v2\/pages\/5079","targetHints":{"allow":["GET"]}}],"collection":[{"href":"https:\/\/wycliffe.net\/es\/wp-json\/wp\/v2\/pages"}],"about":[{"href":"https:\/\/wycliffe.net\/es\/wp-json\/wp\/v2\/types\/page"}],"author":[{"embeddable":true,"href":"https:\/\/wycliffe.net\/es\/wp-json\/wp\/v2\/users\/5"}],"replies":[{"embeddable":true,"href":"https:\/\/wycliffe.net\/es\/wp-json\/wp\/v2\/comments?post=5079"}],"version-history":[{"count":6,"href":"https:\/\/wycliffe.net\/es\/wp-json\/wp\/v2\/pages\/5079\/revisions"}],"predecessor-version":[{"id":5398,"href":"https:\/\/wycliffe.net\/es\/wp-json\/wp\/v2\/pages\/5079\/revisions\/5398"}],"up":[{"embeddable":true,"href":"https:\/\/wycliffe.net\/es\/wp-json\/wp\/v2\/pages\/5072"}],"wp:attachment":[{"href":"https:\/\/wycliffe.net\/es\/wp-json\/wp\/v2\/media?parent=5079"}],"wp:term":[{"taxonomy":"category","embeddable":true,"href":"https:\/\/wycliffe.net\/es\/wp-json\/wp\/v2\/categories?post=5079"},{"taxonomy":"post_tag","embeddable":true,"href":"https:\/\/wycliffe.net\/es\/wp-json\/wp\/v2\/tags?post=5079"}],"curies":[{"name":"wp","href":"https:\/\/api.w.org\/{rel}","templated":true}]}}