{"id":4890,"date":"2025-08-28T18:35:02","date_gmt":"2025-08-28T16:35:02","guid":{"rendered":"http:\/\/wycliffe.net\/?page_id=4890"},"modified":"2025-10-06T20:38:11","modified_gmt":"2025-10-06T18:38:11","slug":"gatherings","status":"publish","type":"page","link":"https:\/\/wycliffe.net\/es\/what-we-do\/gatherings\/","title":{"rendered":"Reuniones"},"content":{"rendered":"\n<h2 class=\"wp-block-heading\">Reuniones<\/h2>\n\n<p>Tanto en persona como virtualmente, las reuniones y eventos de la Alianza conectan a nuestra comunidad global y nos ponen al d\u00eda de lo que Dios est\u00e1 haciendo a trav\u00e9s de los movimientos de traducci\u00f3n de la Biblia.<\/p>\n\n<ul class=\"wp-block-list\">\n<li><a href=\"https:\/\/wycliffe.net\/es\/celebracion-de-vision-2025\/\" data-type=\"page\" data-id=\"6420\">Celebraci\u00f3n de Visi\u00f3n 2025<\/a><\/li>\n\n\n\n<li><a href=\"https:\/\/wycliffe.net\/es\/what-we-do\/gatherings\/dia-mundial-de-oracion-por-la-traduccion-de-la-biblia\/\" data-type=\"page\" data-id=\"2584\">Jornada Mundial de Oraci\u00f3n 2025<\/a><\/li>\n\n\n\n<li>Consulta y reuni\u00f3n de directores de Church &amp; Bibleless, Bucarest, Ruman\u00eda (3-6 de junio de 2024)<\/li>\n\n\n\n<li><a href=\"https:\/\/wycliffe.net\/connect\/gatherings\/global-gathering-2024\/\" data-type=\"page\" data-id=\"931\">Encuentro Mundial 2024<\/a>, Johannesburgo, Sud\u00e1frica (31 de octubre &#8211; 4 de noviembre de 2024)<\/li>\n\n\n\n<li><a href=\"https:\/\/wycliffe.net\/es\/philosophy-principle-papers\/the-global-people-conversation\/\" data-type=\"page\" data-id=\"2572\">Global People Conversation 2023<\/a><\/li>\n\n\n\n<li><a href=\"https:\/\/wycliffe.net\/connect\/gatherings\/global-connect-2022\/\" data-type=\"page\" data-id=\"2626\">Conexi\u00f3n Global 2022<\/a><\/li>\n\n\n\n<li><a href=\"https:\/\/wycliffe.net\/connect\/gatherings\/europe-area-gathering-2022\/\" data-type=\"page\" data-id=\"2616\">Reuni\u00f3n del \u00c1rea Europa 2022<\/a><\/li>\n\n\n\n<li><a href=\"https:\/\/wycliffe.net\/connect\/gatherings\/global-connect-2021\/\" data-type=\"page\" data-id=\"2621\">Conexi\u00f3n Global 2021<\/a><\/li>\n\n\n\n<li><a href=\"https:\/\/wycliffe.net\/connect\/gatherings\/communication-forum-2021\/\" data-type=\"page\" data-id=\"2619\">Foro de las Comunicaciones 2021<\/a><\/li>\n\n\n\n<li><a href=\"https:\/\/wycliffe.net\/connect\/gatherings\/past-global-gatherings\/\" data-type=\"page\" data-id=\"2624\">Reuniones Mundiales anteriores<\/a><\/li>\n<\/ul>\n\n<p><\/p>\n","protected":false},"excerpt":{"rendered":"<p>Reuniones Tanto en persona como virtualmente, las reuniones y eventos de la Alianza conectan a nuestra comunidad global y nos ponen al d\u00eda de lo que Dios est\u00e1 haciendo a&#8230;<\/p>\n","protected":false},"author":5,"featured_media":0,"parent":4310,"menu_order":0,"comment_status":"closed","ping_status":"closed","template":"","meta":{"give_campaign_id":0,"_kadence_starter_templates_imported_post":false,"_kad_post_transparent":"","_kad_post_title":"","_kad_post_layout":"","_kad_post_sidebar_id":"","_kad_post_content_style":"","_kad_post_vertical_padding":"","_kad_post_feature":"","_kad_post_feature_position":"","_kad_post_header":false,"_kad_post_footer":false,"footnotes":""},"categories":[],"tags":[],"class_list":["post-4890","page","type-page","status-publish","hentry"],"campaignId":"","_links":{"self":[{"href":"https:\/\/wycliffe.net\/es\/wp-json\/wp\/v2\/pages\/4890","targetHints":{"allow":["GET"]}}],"collection":[{"href":"https:\/\/wycliffe.net\/es\/wp-json\/wp\/v2\/pages"}],"about":[{"href":"https:\/\/wycliffe.net\/es\/wp-json\/wp\/v2\/types\/page"}],"author":[{"embeddable":true,"href":"https:\/\/wycliffe.net\/es\/wp-json\/wp\/v2\/users\/5"}],"replies":[{"embeddable":true,"href":"https:\/\/wycliffe.net\/es\/wp-json\/wp\/v2\/comments?post=4890"}],"version-history":[{"count":5,"href":"https:\/\/wycliffe.net\/es\/wp-json\/wp\/v2\/pages\/4890\/revisions"}],"predecessor-version":[{"id":6937,"href":"https:\/\/wycliffe.net\/es\/wp-json\/wp\/v2\/pages\/4890\/revisions\/6937"}],"up":[{"embeddable":true,"href":"https:\/\/wycliffe.net\/es\/wp-json\/wp\/v2\/pages\/4310"}],"wp:attachment":[{"href":"https:\/\/wycliffe.net\/es\/wp-json\/wp\/v2\/media?parent=4890"}],"wp:term":[{"taxonomy":"category","embeddable":true,"href":"https:\/\/wycliffe.net\/es\/wp-json\/wp\/v2\/categories?post=4890"},{"taxonomy":"post_tag","embeddable":true,"href":"https:\/\/wycliffe.net\/es\/wp-json\/wp\/v2\/tags?post=4890"}],"curies":[{"name":"wp","href":"https:\/\/api.w.org\/{rel}","templated":true}]}}