{"id":4751,"date":"2025-07-15T11:38:03","date_gmt":"2025-07-15T09:38:03","guid":{"rendered":"http:\/\/wycliffe.net\/?page_id=4751"},"modified":"2025-09-22T16:15:50","modified_gmt":"2025-09-22T14:15:50","slug":"participation-streams","status":"publish","type":"page","link":"https:\/\/wycliffe.net\/es\/participation-streams\/","title":{"rendered":"Corrientes de participaci\u00f3n"},"content":{"rendered":"\n<p>Las organizaciones de la Alianza Global Wycliffe desean expresar tanto la unidad como la diversidad del Cuerpo de Cristo. Las V\u00edas de Participaci\u00f3n de la Alianza son un reconocimiento de esa diversidad y de las muchas maneras en que Dios ha provisto y dotado a las organizaciones de la Alianza en sus contextos y culturas. Las siete V\u00edas de Participaci\u00f3n son:  <\/p>\n\n\n\n<ol class=\"wp-block-list\">\n<li>Iglesia<\/li>\n\n\n\n<li>Oraci\u00f3n<\/li>\n\n\n\n<li>Financiaci\u00f3n<\/li>\n\n\n\n<li>Personas<\/li>\n\n\n\n<li>Programas de traducci\u00f3n de la Biblia<\/li>\n\n\n\n<li>Formaci\u00f3n en funciones de traducci\u00f3n de la Biblia<\/li>\n\n\n\n<li>Servicios especializados<\/li>\n<\/ol>\n\n\n\n<p>Cada una de estas corrientes indica c\u00f3mo una organizaci\u00f3n de la Alianza participa en ella. Para saber m\u00e1s, lea las <a href=\"http:\/\/wycliffe.net\/wp-content\/uploads\/2025\/09\/Participation-Streams-in-the-Alliance-v3_Spanish.pdf\" data-type=\"attachment\" data-id=\"4724\">Corrientes de Participaci\u00f3n en la Alianza Global Wycliffe<\/a> (PDF). Este documento proporciona una visi\u00f3n general de las V\u00edas de Participaci\u00f3n e incluye los indicadores que la Alianza ha reconocido como importantes, para que las organizaciones de la Alianza puedan tener claridad sobre el prop\u00f3sito y la actividad de su participaci\u00f3n.<\/p>\n\n\n\n<p><\/p>\n","protected":false},"excerpt":{"rendered":"<p>Las organizaciones de la Alianza Global Wycliffe desean expresar tanto la unidad como la diversidad del Cuerpo de Cristo. Las V\u00edas de Participaci\u00f3n de la Alianza son un reconocimiento de&#8230;<\/p>\n","protected":false},"author":4,"featured_media":0,"parent":0,"menu_order":0,"comment_status":"closed","ping_status":"closed","template":"","meta":{"give_campaign_id":0,"_kadence_starter_templates_imported_post":false,"_kad_post_transparent":"","_kad_post_title":"","_kad_post_layout":"","_kad_post_sidebar_id":"","_kad_post_content_style":"","_kad_post_vertical_padding":"","_kad_post_feature":"","_kad_post_feature_position":"","_kad_post_header":false,"_kad_post_footer":false,"footnotes":""},"categories":[93],"tags":[522,523],"class_list":["post-4751","page","type-page","status-publish","hentry","category-who-we-are-es","tag-caudales-de-participacion","tag-corrientes-de-participacion"],"campaignId":"","_links":{"self":[{"href":"https:\/\/wycliffe.net\/es\/wp-json\/wp\/v2\/pages\/4751","targetHints":{"allow":["GET"]}}],"collection":[{"href":"https:\/\/wycliffe.net\/es\/wp-json\/wp\/v2\/pages"}],"about":[{"href":"https:\/\/wycliffe.net\/es\/wp-json\/wp\/v2\/types\/page"}],"author":[{"embeddable":true,"href":"https:\/\/wycliffe.net\/es\/wp-json\/wp\/v2\/users\/4"}],"replies":[{"embeddable":true,"href":"https:\/\/wycliffe.net\/es\/wp-json\/wp\/v2\/comments?post=4751"}],"version-history":[{"count":2,"href":"https:\/\/wycliffe.net\/es\/wp-json\/wp\/v2\/pages\/4751\/revisions"}],"predecessor-version":[{"id":4757,"href":"https:\/\/wycliffe.net\/es\/wp-json\/wp\/v2\/pages\/4751\/revisions\/4757"}],"wp:attachment":[{"href":"https:\/\/wycliffe.net\/es\/wp-json\/wp\/v2\/media?parent=4751"}],"wp:term":[{"taxonomy":"category","embeddable":true,"href":"https:\/\/wycliffe.net\/es\/wp-json\/wp\/v2\/categories?post=4751"},{"taxonomy":"post_tag","embeddable":true,"href":"https:\/\/wycliffe.net\/es\/wp-json\/wp\/v2\/tags?post=4751"}],"curies":[{"name":"wp","href":"https:\/\/api.w.org\/{rel}","templated":true}]}}