{"id":4693,"date":"2025-07-15T11:32:27","date_gmt":"2025-07-15T09:32:27","guid":{"rendered":"http:\/\/wycliffe.net\/?page_id=4693"},"modified":"2025-09-22T15:40:27","modified_gmt":"2025-09-22T13:40:27","slug":"proposito-mision-vision-y-valores-de-la-alianza-global-wycliffe","status":"publish","type":"page","link":"https:\/\/wycliffe.net\/es\/proposito-mision-vision-y-valores-de-la-alianza-global-wycliffe\/","title":{"rendered":"Pr\u00f3posito, Misi\u00f3n, Visi\u00f3n y Valores de la Alianza Global Wycliffe"},"content":{"rendered":"\n<h2 class=\"wp-block-heading\"><strong>Prop\u00f3sito<\/strong><\/h2>\n\n\n\n<p>La Alianza Global Wycliffe, como una comunidad de participantes en la misi\u00f3n de Dios, brinda liderazgo, influencia y servicio en los movimientos de traducci\u00f3n b\u00edblica.<\/p>\n\n\n\n<h2 class=\"wp-block-heading\"><strong>Misi\u00f3n<\/strong><\/h2>\n\n\n\n<p>En comuni\u00f3n con Dios y dentro del \u00e1mbito de la comunidad de su iglesia, la Alianza Global Wycliffe contribuye a la transformaci\u00f3n integral de las comunidades ling\u00fc\u00edsticas alrededor del mundo.<\/p>\n\n\n\n<h2 class=\"wp-block-heading\"><strong>Visi\u00f3n<\/strong><\/h2>\n\n\n\n<p>Personas, comunidades y naciones transformadas por el amor y la Palabra de Dios expresados en su propio idioma y cultura.<\/p>\n\n\n\n<h2 class=\"wp-block-heading\"><strong>Valores&nbsp;Fundamentales<\/strong><\/h2>\n\n\n\n<ul class=\"wp-block-list\">\n<li><strong>La gloria de Dios entre las naciones<\/strong><br>Viviendo y sirviendo para la gloria de Dios, de manera que las personas de todas las naciones lo conozcan y lo glorifiquen.<\/li>\n\n\n\n<li><strong>Semejanza a Cristo<\/strong><br>Seguiendo el ejemplo de Cristo en lo que somos y en lo que hacemos.<\/li>\n\n\n\n<li><strong>La iglesia como central en la Misi\u00f3n de Dios<\/strong><br>Creyendo que la iglesia es creada, llamada y equipada por Dios para discipular a las naciones.<\/li>\n\n\n\n<li><strong>La Palabra traducida<\/strong><br>Confiando en que Dios transforma las vidas a trav\u00e9s de su Palabra traducida a los idiomas y las culturas de los pueblos del mundo.<\/li>\n\n\n\n<li><strong>Dependencia de Dios<\/strong><br>Dependiendo de Dios y de su capacidad para equiparnos y sustentarnos.<\/li>\n\n\n\n<li><strong>Comunidad<\/strong><br>Servir en comunidad como expresi\u00f3n de la unidad de los creyentes y como participantes interdependientes en<br>ministerio hol\u00edstico que facilita la traducci\u00f3n, el acceso y la aplicaci\u00f3n de la Palabra de Dios.<\/li>\n<\/ul>\n","protected":false},"excerpt":{"rendered":"<p>Prop\u00f3sito La Alianza Global Wycliffe, como una comunidad de participantes en la misi\u00f3n de Dios, brinda liderazgo, influencia y servicio en los movimientos de traducci\u00f3n b\u00edblica. Misi\u00f3n En comuni\u00f3n con&#8230;<\/p>\n","protected":false},"author":4,"featured_media":0,"parent":0,"menu_order":0,"comment_status":"closed","ping_status":"closed","template":"","meta":{"give_campaign_id":0,"_kadence_starter_templates_imported_post":false,"_kad_post_transparent":"","_kad_post_title":"","_kad_post_layout":"","_kad_post_sidebar_id":"","_kad_post_content_style":"","_kad_post_vertical_padding":"","_kad_post_feature":"","_kad_post_feature_position":"","_kad_post_header":false,"_kad_post_footer":false,"footnotes":""},"categories":[93],"tags":[],"class_list":["post-4693","page","type-page","status-publish","hentry","category-who-we-are-es"],"campaignId":"","_links":{"self":[{"href":"https:\/\/wycliffe.net\/es\/wp-json\/wp\/v2\/pages\/4693","targetHints":{"allow":["GET"]}}],"collection":[{"href":"https:\/\/wycliffe.net\/es\/wp-json\/wp\/v2\/pages"}],"about":[{"href":"https:\/\/wycliffe.net\/es\/wp-json\/wp\/v2\/types\/page"}],"author":[{"embeddable":true,"href":"https:\/\/wycliffe.net\/es\/wp-json\/wp\/v2\/users\/4"}],"replies":[{"embeddable":true,"href":"https:\/\/wycliffe.net\/es\/wp-json\/wp\/v2\/comments?post=4693"}],"version-history":[{"count":1,"href":"https:\/\/wycliffe.net\/es\/wp-json\/wp\/v2\/pages\/4693\/revisions"}],"predecessor-version":[{"id":4694,"href":"https:\/\/wycliffe.net\/es\/wp-json\/wp\/v2\/pages\/4693\/revisions\/4694"}],"wp:attachment":[{"href":"https:\/\/wycliffe.net\/es\/wp-json\/wp\/v2\/media?parent=4693"}],"wp:term":[{"taxonomy":"category","embeddable":true,"href":"https:\/\/wycliffe.net\/es\/wp-json\/wp\/v2\/categories?post=4693"},{"taxonomy":"post_tag","embeddable":true,"href":"https:\/\/wycliffe.net\/es\/wp-json\/wp\/v2\/tags?post=4693"}],"curies":[{"name":"wp","href":"https:\/\/api.w.org\/{rel}","templated":true}]}}