{"id":4677,"date":"2025-07-14T15:48:33","date_gmt":"2025-07-14T13:48:33","guid":{"rendered":"http:\/\/wycliffe.net\/?page_id=4677"},"modified":"2025-09-30T12:03:36","modified_gmt":"2025-09-30T10:03:36","slug":"covenant-statement-of-commitment","status":"publish","type":"page","link":"https:\/\/wycliffe.net\/es\/covenant-statement-of-commitment\/","title":{"rendered":"Pacto\/Declaraci\u00f3n de compromiso"},"content":{"rendered":"\n<h2 class=\"wp-block-heading\">Pacto\/Declaraci\u00f3n de compromiso<\/h2>\n\n\n\n<p>Las relaciones son clave para la Alianza Global Wycliffe. Las organizaciones de la Alianza firman entre s\u00ed un Pacto\/Declaraci\u00f3n de Compromiso en reconocimiento de su participaci\u00f3n en la comunidad de la Alianza y en la misi\u00f3n de Dios. Este compromiso tambi\u00e9n se expresa en actitud y acci\u00f3n.  <\/p>\n\n\n\n<p>Puede ver una versi\u00f3n de muestra de la <a href=\"https:\/\/wycliffe.net\/wp-content\/uploads\/2025\/09\/Covenant-3-ES-1.pdf\" data-type=\"attachment\" data-id=\"6645\">Declaraci\u00f3n de Compromiso aqu\u00ed<\/a>.<\/p>\n\n\n\n<p><\/p>\n","protected":false},"excerpt":{"rendered":"<p>Pacto\/Declaraci\u00f3n de compromiso Las relaciones son clave para la Alianza Global Wycliffe. Las organizaciones de la Alianza firman entre s\u00ed un Pacto\/Declaraci\u00f3n de Compromiso en reconocimiento de su participaci\u00f3n en&#8230;<\/p>\n","protected":false},"author":4,"featured_media":0,"parent":0,"menu_order":0,"comment_status":"closed","ping_status":"closed","template":"","meta":{"give_campaign_id":0,"_kadence_starter_templates_imported_post":false,"_kad_post_transparent":"","_kad_post_title":"","_kad_post_layout":"","_kad_post_sidebar_id":"","_kad_post_content_style":"","_kad_post_vertical_padding":"","_kad_post_feature":"","_kad_post_feature_position":"","_kad_post_header":false,"_kad_post_footer":false,"footnotes":""},"categories":[93],"tags":[466,465],"class_list":["post-4677","page","type-page","status-publish","hentry","category-who-we-are-es","tag-declaracion-de-compromiso","tag-pacto-es"],"campaignId":"","_links":{"self":[{"href":"https:\/\/wycliffe.net\/es\/wp-json\/wp\/v2\/pages\/4677","targetHints":{"allow":["GET"]}}],"collection":[{"href":"https:\/\/wycliffe.net\/es\/wp-json\/wp\/v2\/pages"}],"about":[{"href":"https:\/\/wycliffe.net\/es\/wp-json\/wp\/v2\/types\/page"}],"author":[{"embeddable":true,"href":"https:\/\/wycliffe.net\/es\/wp-json\/wp\/v2\/users\/4"}],"replies":[{"embeddable":true,"href":"https:\/\/wycliffe.net\/es\/wp-json\/wp\/v2\/comments?post=4677"}],"version-history":[{"count":3,"href":"https:\/\/wycliffe.net\/es\/wp-json\/wp\/v2\/pages\/4677\/revisions"}],"predecessor-version":[{"id":6670,"href":"https:\/\/wycliffe.net\/es\/wp-json\/wp\/v2\/pages\/4677\/revisions\/6670"}],"wp:attachment":[{"href":"https:\/\/wycliffe.net\/es\/wp-json\/wp\/v2\/media?parent=4677"}],"wp:term":[{"taxonomy":"category","embeddable":true,"href":"https:\/\/wycliffe.net\/es\/wp-json\/wp\/v2\/categories?post=4677"},{"taxonomy":"post_tag","embeddable":true,"href":"https:\/\/wycliffe.net\/es\/wp-json\/wp\/v2\/tags?post=4677"}],"curies":[{"name":"wp","href":"https:\/\/api.w.org\/{rel}","templated":true}]}}