{"id":4328,"date":"2025-07-03T15:45:13","date_gmt":"2025-07-03T13:45:13","guid":{"rendered":"http:\/\/wycliffe.net\/?page_id=4328"},"modified":"2025-09-24T18:51:02","modified_gmt":"2025-09-24T16:51:02","slug":"projects","status":"publish","type":"page","link":"https:\/\/wycliffe.net\/es\/projects\/","title":{"rendered":"Proyectos"},"content":{"rendered":"<style>.kb-row-layout-id137_9fd559-32 > .kt-row-column-wrap{align-content:start;}:where(.kb-row-layout-id137_9fd559-32 > .kt-row-column-wrap) > .wp-block-kadence-column{justify-content:start;}.kb-row-layout-id137_9fd559-32 > .kt-row-column-wrap{column-gap:var(--global-kb-gap-md, 2rem);row-gap:var(--global-kb-gap-none, 0rem );max-width:var( --global-content-width, 1290px );padding-left:var(--global-content-edge-padding);padding-right:var(--global-content-edge-padding);padding-top:var(--global-kb-spacing-xxl, 5rem);padding-bottom:var(--global-kb-spacing-xl, 4rem);grid-template-columns:minmax(0, 1fr);}.kb-row-layout-id137_9fd559-32{background-image:url('http:\/\/wycliffe.net\/wp-content\/uploads\/2025\/07\/2010Jan_Cameroon_079.jpg');background-size:cover;background-position:12% 62%;background-attachment:scroll;background-repeat:no-repeat;}.kb-row-layout-id137_9fd559-32 > .kt-row-layout-overlay{opacity:0.36;background-color:rgba(218, 201, 69, 0);}@media all and (max-width: 1024px){.kb-row-layout-id137_9fd559-32 > .kt-row-column-wrap{grid-template-columns:minmax(0, 1fr);}}@media all and (max-width: 767px){.kb-row-layout-id137_9fd559-32 > .kt-row-column-wrap{grid-template-columns:minmax(0, 1fr);}}<\/style><div class=\"kb-row-layout-wrap kb-row-layout-id137_9fd559-32 alignfull has-theme-palette9-background-color kt-row-has-bg wp-block-kadence-rowlayout\"><div class=\"kt-row-layout-overlay kt-row-overlay-normal\"><\/div><div class=\"kt-row-column-wrap kt-has-1-columns kt-row-layout-equal kt-tab-layout-inherit kt-mobile-layout-row kt-row-valign-top kb-theme-content-width\">\n<style>.kadence-column137_e0d2cd-39 > .kt-inside-inner-col,.kadence-column137_e0d2cd-39 > .kt-inside-inner-col:before{border-top-left-radius:0px;border-top-right-radius:0px;border-bottom-right-radius:0px;border-bottom-left-radius:0px;}.kadence-column137_e0d2cd-39 > .kt-inside-inner-col{column-gap:var(--global-kb-gap-sm, 1rem);}.kadence-column137_e0d2cd-39 > .kt-inside-inner-col{flex-direction:column;}.kadence-column137_e0d2cd-39 > .kt-inside-inner-col > .aligncenter{width:100%;}.kadence-column137_e0d2cd-39 > .kt-inside-inner-col:before{opacity:0.3;}.kadence-column137_e0d2cd-39{text-align:left;}.kadence-column137_e0d2cd-39{position:relative;}@media all and (max-width: 1024px){.kadence-column137_e0d2cd-39 > .kt-inside-inner-col{flex-direction:column;justify-content:center;}}@media all and (max-width: 767px){.kadence-column137_e0d2cd-39 > .kt-inside-inner-col{flex-direction:column;justify-content:center;}}<\/style>\n<div class=\"wp-block-kadence-column kadence-column137_e0d2cd-39 kb-section-dir-vertical inner-column-1\"><div class=\"kt-inside-inner-col\"><style>.kb-row-layout-id137_f93774-dd > .kt-row-column-wrap{align-content:start;}:where(.kb-row-layout-id137_f93774-dd > .kt-row-column-wrap) > .wp-block-kadence-column{justify-content:start;}.kb-row-layout-id137_f93774-dd > .kt-row-column-wrap{column-gap:var(--global-kb-gap-md, 2rem);row-gap:var(--global-kb-gap-md, 2rem);max-width:540px;margin-left:auto;margin-right:auto;grid-template-columns:minmax(0, 1fr);}.kb-row-layout-id137_f93774-dd > .kt-row-layout-overlay{opacity:0.30;}@media all and (max-width: 1024px){.kb-row-layout-id137_f93774-dd > .kt-row-column-wrap{grid-template-columns:minmax(0, 1fr);}}@media all and (max-width: 767px){.kb-row-layout-id137_f93774-dd > .kt-row-column-wrap{grid-template-columns:minmax(0, 1fr);}}<\/style><div class=\"kb-row-layout-wrap kb-row-layout-id137_f93774-dd alignnone wp-block-kadence-rowlayout\"><div class=\"kt-row-column-wrap kt-has-1-columns kt-row-layout-equal kt-tab-layout-inherit kt-mobile-layout-row kt-row-valign-top\">\n<style>.kadence-column137_e9ee06-2a > .kt-inside-inner-col,.kadence-column137_e9ee06-2a > .kt-inside-inner-col:before{border-top-left-radius:0px;border-top-right-radius:0px;border-bottom-right-radius:0px;border-bottom-left-radius:0px;}.kadence-column137_e9ee06-2a > .kt-inside-inner-col{column-gap:var(--global-kb-gap-sm, 1rem);}.kadence-column137_e9ee06-2a > .kt-inside-inner-col{flex-direction:column;}.kadence-column137_e9ee06-2a > .kt-inside-inner-col > .aligncenter{width:100%;}.kadence-column137_e9ee06-2a > .kt-inside-inner-col:before{opacity:0.3;}.kadence-column137_e9ee06-2a{position:relative;}@media all and (max-width: 1024px){.kadence-column137_e9ee06-2a > .kt-inside-inner-col{flex-direction:column;justify-content:center;}}@media all and (max-width: 767px){.kadence-column137_e9ee06-2a > .kt-inside-inner-col{flex-direction:column;justify-content:center;}}<\/style>\n<div class=\"wp-block-kadence-column kadence-column137_e9ee06-2a\"><div class=\"kt-inside-inner-col\"><style>.wp-block-kadence-advancedheading.kt-adv-heading137_cadb41-88, .wp-block-kadence-advancedheading.kt-adv-heading137_cadb41-88[data-kb-block=\"kb-adv-heading137_cadb41-88\"]{margin-top:0px;text-align:center;font-size:var(--global-kb-font-size-xxl, 4rem);line-height:1em;font-style:normal;color:#ecf3f2;}.wp-block-kadence-advancedheading.kt-adv-heading137_cadb41-88 mark.kt-highlight, .wp-block-kadence-advancedheading.kt-adv-heading137_cadb41-88[data-kb-block=\"kb-adv-heading137_cadb41-88\"] mark.kt-highlight{font-style:normal;color:#f76a0c;-webkit-box-decoration-break:clone;box-decoration-break:clone;padding-top:0px;padding-right:0px;padding-bottom:0px;padding-left:0px;}.wp-block-kadence-advancedheading.kt-adv-heading137_cadb41-88 img.kb-inline-image, .wp-block-kadence-advancedheading.kt-adv-heading137_cadb41-88[data-kb-block=\"kb-adv-heading137_cadb41-88\"] img.kb-inline-image{width:150px;vertical-align:baseline;}<\/style>\n<h2 class=\"kt-adv-heading137_cadb41-88 wp-block-kadence-advancedheading\" data-kb-block=\"kb-adv-heading137_cadb41-88\">Proyectos  <\/h2>\n<\/div><\/div>\n\n<\/div><\/div><\/div><\/div>\n\n<\/div><\/div>\n<div style=\"height:50px\" aria-hidden=\"true\" class=\"wp-block-spacer\"><\/div>\n\n<div class=\"wp-block-group\"><div class=\"wp-block-group__inner-container is-layout-constrained wp-block-group-is-layout-constrained\">\n<h2 class=\"wp-block-heading\" style=\"text-transform:none\">Colaborar mediante la generosidad<\/h2>\n<\/div><\/div>\n\n<p class=\"has-md-font-size\" style=\"text-transform:none\">Las organizaciones de la Alianza pueden ampliar su participaci\u00f3n y sus redes ayudando a financiar proyectos. Estos proyectos de colaboraci\u00f3n benefician a toda la Alianza o a un n\u00famero significativo de nuestras organizaciones. Una sola organizaci\u00f3n puede decidir financiar un proyecto completo o, en el mejor de los casos, la financiaci\u00f3n proceder\u00e1 de m\u00faltiples organizaciones y particulares.  <\/p>\n\n<p>Haga clic en cualquiera de los proyectos para obtener m\u00e1s informaci\u00f3n. Cada p\u00e1gina de proyecto contiene un <a href=\"https:\/\/secure.qgiv.com\/for\/wycliffeglobalalliance\">bot\u00f3n DONAR<\/a>. Cuando rellene el formulario, seleccione el proyecto concreto.  <\/p>\n\n<h2 class=\"wp-block-heading\" style=\"text-transform:none\">Donar a proyectos de la Alianza<\/h2>\n<ul class=\"wp-block-latest-posts__list is-grid columns-3 wp-block-latest-posts\"><li><div class=\"wp-block-latest-posts__featured-image\"><img loading=\"lazy\" decoding=\"async\" width=\"600\" height=\"400\" src=\"https:\/\/wycliffe.net\/wp-content\/uploads\/2025\/07\/2023July_KL_4956.jpg\" class=\"attachment-large size-large wp-post-image\" alt=\"\" style=\"\" srcset=\"https:\/\/wycliffe.net\/wp-content\/uploads\/2025\/07\/2023July_KL_4956.jpg 600w, https:\/\/wycliffe.net\/wp-content\/uploads\/2025\/07\/2023July_KL_4956-300x200.jpg 300w\" sizes=\"auto, (max-width: 600px) 100vw, 600px\" \/><\/div><a class=\"wp-block-latest-posts__post-title\" href=\"https:\/\/wycliffe.net\/es\/2025\/07\/08\/001-where-most-needed\/\">Dirigir los fondos a donde m\u00e1s se necesitan<\/a><div class=\"wp-block-latest-posts__post-excerpt\">Los proyectos de colaboraci\u00f3n abordan necesidades urgentes y promueven nuestro compromiso de servir unidos.<\/div><\/li>\n<li><div class=\"wp-block-latest-posts__featured-image\"><img loading=\"lazy\" decoding=\"async\" width=\"1024\" height=\"768\" src=\"https:\/\/wycliffe.net\/wp-content\/uploads\/2025\/07\/IMG_0351-scaled-1-1024x768.jpg\" class=\"attachment-large size-large wp-post-image\" alt=\"\" style=\"\" srcset=\"https:\/\/wycliffe.net\/wp-content\/uploads\/2025\/07\/IMG_0351-scaled-1-1024x768.jpg 1024w, https:\/\/wycliffe.net\/wp-content\/uploads\/2025\/07\/IMG_0351-scaled-1-300x225.jpg 300w, https:\/\/wycliffe.net\/wp-content\/uploads\/2025\/07\/IMG_0351-scaled-1-768x576.jpg 768w, https:\/\/wycliffe.net\/wp-content\/uploads\/2025\/07\/IMG_0351-scaled-1-1536x1152.jpg 1536w, https:\/\/wycliffe.net\/wp-content\/uploads\/2025\/07\/IMG_0351-scaled-1-2048x1536.jpg 2048w\" sizes=\"auto, (max-width: 1024px) 100vw, 1024px\" \/><\/div><a class=\"wp-block-latest-posts__post-title\" href=\"https:\/\/wycliffe.net\/es\/2025\/07\/08\/002-church-centric-vision-for-bible-translation-in-latin-america\/\">Inspirar a las iglesias latinoamericanas para la traducci\u00f3n de la Biblia<\/a><div class=\"wp-block-latest-posts__post-excerpt\">Ampliar un curso que est\u00e1 alimentando un apasionado movimiento entre las iglesias de toda Am\u00e9rica Latina.<\/div><\/li>\n<li><div class=\"wp-block-latest-posts__featured-image\"><img loading=\"lazy\" decoding=\"async\" width=\"600\" height=\"400\" src=\"https:\/\/wycliffe.net\/wp-content\/uploads\/2025\/07\/2022Mar_Kenya_0425ed.jpg\" class=\"attachment-large size-large wp-post-image\" alt=\"\" style=\"\" srcset=\"https:\/\/wycliffe.net\/wp-content\/uploads\/2025\/07\/2022Mar_Kenya_0425ed.jpg 600w, https:\/\/wycliffe.net\/wp-content\/uploads\/2025\/07\/2022Mar_Kenya_0425ed-300x200.jpg 300w\" sizes=\"auto, (max-width: 600px) 100vw, 600px\" \/><\/div><a class=\"wp-block-latest-posts__post-title\" href=\"https:\/\/wycliffe.net\/es\/2025\/07\/08\/003-consultations-on-the-church-and-bible-translation\/\">Profundizar la colaboraci\u00f3n mundial con la Iglesia<\/a><div class=\"wp-block-latest-posts__post-excerpt\">Crear un espacio para que la Alianza y el cuerpo mundial de Cristo colaboren en programas de traducci\u00f3n sostenibles basados en las iglesias y las comunidades.<\/div><\/li>\n<li><div class=\"wp-block-latest-posts__featured-image\"><img loading=\"lazy\" decoding=\"async\" width=\"600\" height=\"800\" src=\"https:\/\/wycliffe.net\/wp-content\/uploads\/2025\/07\/peru1-1a.jpeg\" class=\"attachment-large size-large wp-post-image\" alt=\"\" style=\"\" srcset=\"https:\/\/wycliffe.net\/wp-content\/uploads\/2025\/07\/peru1-1a.jpeg 600w, https:\/\/wycliffe.net\/wp-content\/uploads\/2025\/07\/peru1-1a-225x300.jpeg 225w\" sizes=\"auto, (max-width: 600px) 100vw, 600px\" \/><\/div><a class=\"wp-block-latest-posts__post-title\" href=\"https:\/\/wycliffe.net\/es\/2025\/07\/08\/006-bible-translation-tables-in-latin-america\/\">Aumentar la colaboraci\u00f3n en Am\u00e9rica Latina<\/a><div class=\"wp-block-latest-posts__post-excerpt\">Llevar el movimiento de la Mesa al siguiente nivel. Formar a facilitadores locales, profundizar en el compromiso de las iglesias y expandirse a nuevas zonas. <\/div><\/li>\n<li><div class=\"wp-block-latest-posts__featured-image\"><img loading=\"lazy\" decoding=\"async\" width=\"600\" height=\"401\" src=\"https:\/\/wycliffe.net\/wp-content\/uploads\/2025\/07\/2024Nov3_Joburg_031.jpg\" class=\"attachment-large size-large wp-post-image\" alt=\"\" style=\"\" srcset=\"https:\/\/wycliffe.net\/wp-content\/uploads\/2025\/07\/2024Nov3_Joburg_031.jpg 600w, https:\/\/wycliffe.net\/wp-content\/uploads\/2025\/07\/2024Nov3_Joburg_031-300x201.jpg 300w\" sizes=\"auto, (max-width: 600px) 100vw, 600px\" \/><\/div><a class=\"wp-block-latest-posts__post-title\" href=\"https:\/\/wycliffe.net\/es\/2025\/07\/07\/new-project-post-test-2\/\">Desarrollar la capacidad de la Alianza para proyectos estrat\u00e9gicos<\/a><div class=\"wp-block-latest-posts__post-excerpt\">Reforzar la capacidad de la Alianza para servir a nuestras organizaciones de forma creativa.  <\/div><\/li>\n<li><div class=\"wp-block-latest-posts__featured-image\"><img loading=\"lazy\" decoding=\"async\" width=\"1024\" height=\"768\" src=\"https:\/\/wycliffe.net\/wp-content\/uploads\/2025\/07\/OBT-workshop-Peru-1024x768.jpg\" class=\"attachment-large size-large wp-post-image\" alt=\"\" style=\"\" srcset=\"https:\/\/wycliffe.net\/wp-content\/uploads\/2025\/07\/OBT-workshop-Peru-1024x768.jpg 1024w, https:\/\/wycliffe.net\/wp-content\/uploads\/2025\/07\/OBT-workshop-Peru-300x225.jpg 300w, https:\/\/wycliffe.net\/wp-content\/uploads\/2025\/07\/OBT-workshop-Peru-768x576.jpg 768w, https:\/\/wycliffe.net\/wp-content\/uploads\/2025\/07\/OBT-workshop-Peru.jpg 1200w\" sizes=\"auto, (max-width: 1024px) 100vw, 1024px\" \/><\/div><a class=\"wp-block-latest-posts__post-title\" href=\"https:\/\/wycliffe.net\/es\/2025\/07\/07\/new-project-post-test\/\">Formar a m\u00e1s asesores orales<\/a><div class=\"wp-block-latest-posts__post-excerpt\">Ayude a cubrir una enorme necesidad mundial: formar m\u00e1s consultores en traducci\u00f3n oral de la Biblia.  <\/div><\/li>\n<\/ul>\n<p><\/p>\n","protected":false},"excerpt":{"rendered":"<p>Proyectos Colaborar mediante la generosidad Las organizaciones de la Alianza pueden ampliar su participaci\u00f3n y sus redes ayudando a financiar proyectos. Estos proyectos de colaboraci\u00f3n benefician a toda la Alianza&#8230;<\/p>\n","protected":false},"author":7,"featured_media":0,"parent":0,"menu_order":0,"comment_status":"closed","ping_status":"closed","template":"","meta":{"give_campaign_id":0,"_kadence_starter_templates_imported_post":false,"_kad_post_transparent":"","_kad_post_title":"","_kad_post_layout":"","_kad_post_sidebar_id":"","_kad_post_content_style":"","_kad_post_vertical_padding":"","_kad_post_feature":"","_kad_post_feature_position":"","_kad_post_header":false,"_kad_post_footer":false,"footnotes":""},"categories":[101],"tags":[],"class_list":["post-4328","page","type-page","status-publish","hentry","category-proyectos"],"campaignId":"","_links":{"self":[{"href":"https:\/\/wycliffe.net\/es\/wp-json\/wp\/v2\/pages\/4328","targetHints":{"allow":["GET"]}}],"collection":[{"href":"https:\/\/wycliffe.net\/es\/wp-json\/wp\/v2\/pages"}],"about":[{"href":"https:\/\/wycliffe.net\/es\/wp-json\/wp\/v2\/types\/page"}],"author":[{"embeddable":true,"href":"https:\/\/wycliffe.net\/es\/wp-json\/wp\/v2\/users\/7"}],"replies":[{"embeddable":true,"href":"https:\/\/wycliffe.net\/es\/wp-json\/wp\/v2\/comments?post=4328"}],"version-history":[{"count":1,"href":"https:\/\/wycliffe.net\/es\/wp-json\/wp\/v2\/pages\/4328\/revisions"}],"predecessor-version":[{"id":4329,"href":"https:\/\/wycliffe.net\/es\/wp-json\/wp\/v2\/pages\/4328\/revisions\/4329"}],"wp:attachment":[{"href":"https:\/\/wycliffe.net\/es\/wp-json\/wp\/v2\/media?parent=4328"}],"wp:term":[{"taxonomy":"category","embeddable":true,"href":"https:\/\/wycliffe.net\/es\/wp-json\/wp\/v2\/categories?post=4328"},{"taxonomy":"post_tag","embeddable":true,"href":"https:\/\/wycliffe.net\/es\/wp-json\/wp\/v2\/tags?post=4328"}],"curies":[{"name":"wp","href":"https:\/\/api.w.org\/{rel}","templated":true}]}}