{"id":4028,"date":"2025-08-29T00:31:52","date_gmt":"2025-08-28T22:31:52","guid":{"rendered":"http:\/\/wycliffe.net\/?page_id=4028"},"modified":"2025-09-25T06:51:25","modified_gmt":"2025-09-25T04:51:25","slug":"dia-mundial-de-oracion-por-la-traduccion-de-la-biblia","status":"publish","type":"page","link":"https:\/\/wycliffe.net\/es\/what-we-do\/gatherings\/dia-mundial-de-oracion-por-la-traduccion-de-la-biblia\/","title":{"rendered":"D\u00eda Mundial de Oraci\u00f3n"},"content":{"rendered":"\n<h2 class=\"wp-block-heading\">D\u00eda Mundial de Oraci\u00f3n por la Traducci\u00f3n de la Biblia<\/h2>\n\n\n\n<h3 class=\"wp-block-heading\">11 de noviembre de 2025<\/h3>\n\n\n\n<figure class=\"wp-block-image size-large\"><img loading=\"lazy\" decoding=\"async\" width=\"1024\" height=\"673\" src=\"http:\/\/wycliffe.net\/wp-content\/uploads\/2025\/09\/WDOP_ES-1-1024x673.png\" alt=\"\" class=\"wp-image-4035\" srcset=\"https:\/\/wycliffe.net\/wp-content\/uploads\/2025\/09\/WDOP_ES-1-1024x673.png 1024w, https:\/\/wycliffe.net\/wp-content\/uploads\/2025\/09\/WDOP_ES-1-300x197.png 300w, https:\/\/wycliffe.net\/wp-content\/uploads\/2025\/09\/WDOP_ES-1-768x505.png 768w, https:\/\/wycliffe.net\/wp-content\/uploads\/2025\/09\/WDOP_ES-1.png 1280w\" sizes=\"auto, (max-width: 1024px) 100vw, 1024px\" \/><\/figure>\n\n\n\n<h2 class=\"wp-block-heading\"><strong>Proclamar la gloria de Dios\u2028<\/strong><\/h2>\n\n\n\n<p>En 1999, en una conferencia internacional conjunta de Wycliffe International (ahora conocida como Alianza Global Wycliffe) y SIL International, nos dimos cuenta de que el progreso para poner la Biblia a disposici\u00f3n de todas las personas en el idioma que mejor entienden era demasiado lento. Vimos que el movimiento de traducci\u00f3n de la Biblia necesitaba cambiar. Por lo tanto, nos comprometimos con un objetivo com\u00fan llamado&nbsp;<strong>Visi\u00f3n 2025<\/strong>:<\/p>\n\n\n\n<p><strong><em>\u201cMotivados por la necesidad apremiante de que todos los pueblos tengan acceso a la Palabra de Dios en un idioma que les llegue al coraz\u00f3n, y reafirmando nuestros valores hist\u00f3ricos y nuestra confianza en Dios para lograr lo imposible:<\/em><\/strong><\/p>\n\n\n\n<ul class=\"wp-block-list\">\n<li><strong><em>Abrazamos la visi\u00f3n de que, para el a\u00f1o 2025, se estar\u00e1 llevando a cabo un proyecto de traducci\u00f3n de la Biblia para cada grupo \u00e9tnico que lo necesite.<\/em><\/strong><\/li>\n\n\n\n<li><strong><em>\u2028Reconocemos que esto no se puede lograr simplemente trabajando m\u00e1s duro o haciendo m\u00e1s de lo que estamos haciendo ahora. Nos exigir\u00e1 realizar cambios significativos en nuestras actitudes y formas de trabajar.<\/em><\/strong><\/li>\n\n\n\n<li><strong><em>Nuestro deseo es desarrollar la capacidad para llevar a cabo programas sostenibles de traducci\u00f3n de la Biblia y actividades relacionadas con el uso de las Escrituras. Por lo tanto, instamos a cada entidad de nuestra familia de organizaciones a dar prioridad al fortalecimiento de las asociaciones actuales, a la formaci\u00f3n de asociaciones estrat\u00e9gicas adicionales y a trabajar juntos para desarrollar enfoques creativos adecuados a cada contexto.<\/em><\/strong><\/li>\n\n\n\n<li><strong><em>Con este fin, nos comprometemos a orar por el cumplimiento de esta visi\u00f3n, buscando la gu\u00eda de Dios y obedeci\u00e9ndole en cualquier nueva direcci\u00f3n que \u00c9l nos indique\u201d.<\/em><\/strong><\/li>\n<\/ul>\n\n\n\n<p>Ahora, poco m\u00e1s de 25 a\u00f1os despu\u00e9s, reconocemos con alegr\u00eda cu\u00e1nto ha hecho Dios. \u00c9l nos ha cambiado y nos ha ayudado. Nuestras formas de trabajar han evolucionado. Muchas personas y organizaciones diferentes forman ahora parte del movimiento de traducci\u00f3n de la Biblia. La tecnolog\u00eda ha avanzado, lo que nos ayuda a trabajar m\u00e1s r\u00e1pido y con mayor eficacia. Se han creado nuevos m\u00e9todos de traducci\u00f3n. Hemos formado a m\u00e1s personas, lo que ha dado lugar a una mayor diversidad y crecimiento en el movimiento.<\/p>\n\n\n\n<p>Dediquemos tiempo este a\u00f1o a reflexionar, recordar y proclamar la gloria de Dios.<\/p>\n\n\n\n<figure class=\"wp-block-embed is-type-video is-provider-youtube wp-block-embed-youtube wp-embed-aspect-16-9 wp-has-aspect-ratio\"><div class=\"wp-block-embed__wrapper\">\n<iframe loading=\"lazy\" title=\"World Day of Prayer for Bible Translation 2025\" width=\"720\" height=\"405\" src=\"https:\/\/www.youtube.com\/embed\/cvaG1Cblaao?feature=oembed\" frameborder=\"0\" allow=\"accelerometer; autoplay; clipboard-write; encrypted-media; gyroscope; picture-in-picture; web-share\" referrerpolicy=\"strict-origin-when-cross-origin\" allowfullscreen><\/iframe>\n<\/div><\/figure>\n\n\n\n<p><a href=\"https:\/\/www.youtube.com\/watch?v=cvaG1Cblaao\">D\u00eda Mundial de Oraci\u00f3n por la Traducci\u00f3n de la Biblia 2025<\/a>&nbsp;de&nbsp;<a href=\"https:\/\/www.youtube.com\/@infoglobalalliance3679\">Alianza Global Wycliffe<\/a>&nbsp;en YouTube<br>Haga clic en CC para ver subt\u00edtulos en ingl\u00e9s, espa\u00f1ol, franc\u00e9s, indonesio, portugu\u00e9s o chino.<\/p>\n\n\n\n<p class=\"has-medium-font-size\"><strong><a href=\"http:\/\/wycliffe.net\/es\/what-we-do\/gatherings\/dia-mundial-de-oracion-por-la-traduccion-de-la-biblia\/meditations-world-day-of-prayer\/\">Meditaciones<\/a><\/strong><\/p>\n\n\n\n<p class=\"has-medium-font-size\"><strong><a href=\"http:\/\/wycliffe.net\/es\/what-we-do\/gatherings\/dia-mundial-de-oracion-por-la-traduccion-de-la-biblia\/recursos-dia-mundial-de-oracion\/\">Recursos<\/a><\/strong><\/p>\n\n\n\n<p><\/p>\n","protected":false},"excerpt":{"rendered":"<p>D\u00eda Mundial de Oraci\u00f3n por la Traducci\u00f3n de la Biblia 11 de noviembre de 2025 Proclamar la gloria de Dios\u2028 En 1999, en una conferencia internacional conjunta de Wycliffe International&#8230;<\/p>\n","protected":false},"author":6,"featured_media":0,"parent":4890,"menu_order":0,"comment_status":"closed","ping_status":"closed","template":"","meta":{"give_campaign_id":0,"_kadence_starter_templates_imported_post":false,"_kad_post_transparent":"","_kad_post_title":"","_kad_post_layout":"","_kad_post_sidebar_id":"","_kad_post_content_style":"","_kad_post_vertical_padding":"","_kad_post_feature":"","_kad_post_feature_position":"","_kad_post_header":false,"_kad_post_footer":false,"footnotes":""},"categories":[],"tags":[],"class_list":["post-4028","page","type-page","status-publish","hentry"],"campaignId":"","_links":{"self":[{"href":"https:\/\/wycliffe.net\/es\/wp-json\/wp\/v2\/pages\/4028","targetHints":{"allow":["GET"]}}],"collection":[{"href":"https:\/\/wycliffe.net\/es\/wp-json\/wp\/v2\/pages"}],"about":[{"href":"https:\/\/wycliffe.net\/es\/wp-json\/wp\/v2\/types\/page"}],"author":[{"embeddable":true,"href":"https:\/\/wycliffe.net\/es\/wp-json\/wp\/v2\/users\/6"}],"replies":[{"embeddable":true,"href":"https:\/\/wycliffe.net\/es\/wp-json\/wp\/v2\/comments?post=4028"}],"version-history":[{"count":7,"href":"https:\/\/wycliffe.net\/es\/wp-json\/wp\/v2\/pages\/4028\/revisions"}],"predecessor-version":[{"id":5842,"href":"https:\/\/wycliffe.net\/es\/wp-json\/wp\/v2\/pages\/4028\/revisions\/5842"}],"up":[{"embeddable":true,"href":"https:\/\/wycliffe.net\/es\/wp-json\/wp\/v2\/pages\/4890"}],"wp:attachment":[{"href":"https:\/\/wycliffe.net\/es\/wp-json\/wp\/v2\/media?parent=4028"}],"wp:term":[{"taxonomy":"category","embeddable":true,"href":"https:\/\/wycliffe.net\/es\/wp-json\/wp\/v2\/categories?post=4028"},{"taxonomy":"post_tag","embeddable":true,"href":"https:\/\/wycliffe.net\/es\/wp-json\/wp\/v2\/tags?post=4028"}],"curies":[{"name":"wp","href":"https:\/\/api.w.org\/{rel}","templated":true}]}}