{"id":1884,"date":"2025-07-15T11:33:56","date_gmt":"2025-07-15T09:33:56","guid":{"rendered":"http:\/\/wycliffe.net\/doctrinal-statement\/"},"modified":"2025-08-15T15:31:04","modified_gmt":"2025-08-15T13:31:04","slug":"doctrinal-statement","status":"publish","type":"page","link":"https:\/\/wycliffe.net\/es\/doctrinal-statement\/","title":{"rendered":"Declaraci\u00f3n Doctrinal"},"content":{"rendered":"\n<h2 class=\"wp-block-heading\">Nuestra Declaraci\u00f3n Doctrinal<\/h2>\n\n\n\n<ol class=\"wp-block-list\">\n<li>Creemos que la Biblia, la Palabra inspirada de Dios, es completamente fidedigna, y habla con autoridad suprema en todo asunto de creencia y pr\u00e1ctica.<\/li>\n\n\n\n<li>Creemos en un solo Dios, que existe eternamente en tres personas: Padre, Hijo y Esp\u00edritu Santo.<\/li>\n\n\n\n<li>Creemos que todas las personas, habiendo sido creadas a imagen de Dios, tienen valor intr\u00ednseco, pero como resultado del pecado est\u00e1n apartadas de Dios y unas de otras, y por consiguiente necesitan reconciliaci\u00f3n.<\/li>\n\n\n\n<li>Creemos que Jesucristo, el Hijo de Dios, nacido de la virgen Mar\u00eda, es plenamente Dios y plenamente humano; demostr\u00f3 el amor de Dios por los pecadores al sufrir la pena de muerte en lugar de ellos, resucit\u00f3 corporalmente de los muertos y ascendi\u00f3 al cielo en donde intercede por su pueblo.<\/li>\n\n\n\n<li>Creemos que todos los que se arrepienten y conf\u00edan en Jesucristo como el \u00fanico Se\u00f1or y Salvador son declarados, por la gracia de Dios, justificados ante \u00e9l, y reciben perd\u00f3n y vida eterna.<\/li>\n\n\n\n<li>Creemos que el Se\u00f1or Jesucristo volver\u00e1 personalmente en gloria, resucitar\u00e1 a los muertos y juzgar\u00e1 al mundo.<\/li>\n\n\n\n<li>Creemos que todas las personas resucitar\u00e1n de los muertos, las que est\u00e1n en Cristo para disfrutar de vida eterna con Dios, y las que est\u00e1n perdidas para sufrir separaci\u00f3n eterna de \u00e9l.<\/li>\n\n\n\n<li>Creemos en el Esp\u00edritu Santo quien imparte nueva vida a los que creen en Cristo; mediante su presencia y poder transformador da seguridad a los creyentes y los equipa para una vida santa y un servicio efectivo.<\/li>\n\n\n\n<li>Creemos que la iglesia es el cuerpo de Cristo, la comuni\u00f3n de todos los creyentes, y ha sido comisionada para hacer disc\u00edpulos de todas las naciones.<\/li>\n<\/ol>\n\n\n\n<p><\/p>\n","protected":false},"excerpt":{"rendered":"<p>Nuestra Declaraci\u00f3n Doctrinal<\/p>\n","protected":false},"author":4,"featured_media":0,"parent":0,"menu_order":0,"comment_status":"closed","ping_status":"closed","template":"","meta":{"give_campaign_id":0,"_kadence_starter_templates_imported_post":false,"_kad_post_transparent":"","_kad_post_title":"","_kad_post_layout":"","_kad_post_sidebar_id":"","_kad_post_content_style":"","_kad_post_vertical_padding":"","_kad_post_feature":"","_kad_post_feature_position":"","_kad_post_header":false,"_kad_post_footer":false,"footnotes":""},"categories":[93],"tags":[94],"class_list":["post-1884","page","type-page","status-publish","hentry","category-who-we-are-es","tag-doctrinal-statement-es"],"campaignId":"","_links":{"self":[{"href":"https:\/\/wycliffe.net\/es\/wp-json\/wp\/v2\/pages\/1884","targetHints":{"allow":["GET"]}}],"collection":[{"href":"https:\/\/wycliffe.net\/es\/wp-json\/wp\/v2\/pages"}],"about":[{"href":"https:\/\/wycliffe.net\/es\/wp-json\/wp\/v2\/types\/page"}],"author":[{"embeddable":true,"href":"https:\/\/wycliffe.net\/es\/wp-json\/wp\/v2\/users\/4"}],"replies":[{"embeddable":true,"href":"https:\/\/wycliffe.net\/es\/wp-json\/wp\/v2\/comments?post=1884"}],"version-history":[{"count":1,"href":"https:\/\/wycliffe.net\/es\/wp-json\/wp\/v2\/pages\/1884\/revisions"}],"predecessor-version":[{"id":1886,"href":"https:\/\/wycliffe.net\/es\/wp-json\/wp\/v2\/pages\/1884\/revisions\/1886"}],"wp:attachment":[{"href":"https:\/\/wycliffe.net\/es\/wp-json\/wp\/v2\/media?parent=1884"}],"wp:term":[{"taxonomy":"category","embeddable":true,"href":"https:\/\/wycliffe.net\/es\/wp-json\/wp\/v2\/categories?post=1884"},{"taxonomy":"post_tag","embeddable":true,"href":"https:\/\/wycliffe.net\/es\/wp-json\/wp\/v2\/tags?post=1884"}],"curies":[{"name":"wp","href":"https:\/\/api.w.org\/{rel}","templated":true}]}}